{"id":12,"date":"2022-03-22T15:39:04","date_gmt":"2022-03-22T15:39:04","guid":{"rendered":"http:\/\/guzmanstorey.cl\/?page_id=12"},"modified":"2025-09-08T05:20:28","modified_gmt":"2025-09-08T05:20:28","slug":"about","status":"publish","type":"page","link":"https:\/\/guzmanstorey.cl\/?page_id=12","title":{"rendered":"About"},"content":{"rendered":"\t\t<div data-elementor-type=\"wp-page\" data-elementor-id=\"12\" class=\"elementor elementor-12\">\n\t\t\t\t\t\t<section class=\"elementor-section elementor-top-section elementor-element elementor-element-d72bfcb elementor-section-boxed elementor-section-height-default elementor-section-height-default\" data-id=\"d72bfcb\" data-element_type=\"section\">\n\t\t\t\t\t\t<div class=\"elementor-container elementor-column-gap-default\">\n\t\t\t\t\t<div class=\"elementor-column elementor-col-100 elementor-top-column elementor-element elementor-element-e7d3279\" data-id=\"e7d3279\" data-element_type=\"column\">\n\t\t\t<div class=\"elementor-widget-wrap elementor-element-populated\">\n\t\t\t\t\t\t\t<\/div>\n\t\t<\/div>\n\t\t\t\t\t<\/div>\n\t\t<\/section>\n\t\t\t\t<section class=\"elementor-section elementor-top-section elementor-element elementor-element-24c6447 elementor-section-boxed elementor-section-height-default elementor-section-height-default\" data-id=\"24c6447\" data-element_type=\"section\">\n\t\t\t\t\t\t<div class=\"elementor-container elementor-column-gap-default\">\n\t\t\t\t\t<div class=\"elementor-column elementor-col-100 elementor-top-column elementor-element elementor-element-e8a8e79\" data-id=\"e8a8e79\" data-element_type=\"column\">\n\t\t\t<div class=\"elementor-widget-wrap elementor-element-populated\">\n\t\t\t\t\t\t<div class=\"elementor-element elementor-element-dd77102 elementor-widget elementor-widget-image\" data-id=\"dd77102\" data-element_type=\"widget\" data-widget_type=\"image.default\">\n\t\t\t\t<div class=\"elementor-widget-container\">\n\t\t\t\t\t\t\t\t\t\t\t\t\t\t\t<img fetchpriority=\"high\" decoding=\"async\" width=\"1024\" height=\"708\" src=\"https:\/\/guzmanstorey.cl\/wp-content\/uploads\/2022\/03\/Screen-Shot-2022-03-22-at-22.08.50-1024x708.png\" class=\"attachment-large size-large wp-image-403\" alt=\"\" srcset=\"https:\/\/guzmanstorey.cl\/wp-content\/uploads\/2022\/03\/Screen-Shot-2022-03-22-at-22.08.50-1024x708.png 1024w, https:\/\/guzmanstorey.cl\/wp-content\/uploads\/2022\/03\/Screen-Shot-2022-03-22-at-22.08.50-300x208.png 300w, https:\/\/guzmanstorey.cl\/wp-content\/uploads\/2022\/03\/Screen-Shot-2022-03-22-at-22.08.50-768x531.png 768w, https:\/\/guzmanstorey.cl\/wp-content\/uploads\/2022\/03\/Screen-Shot-2022-03-22-at-22.08.50.png 1330w\" sizes=\"(max-width: 1024px) 100vw, 1024px\" \/>\t\t\t\t\t\t\t\t\t\t\t\t\t\t\t<\/div>\n\t\t\t\t<\/div>\n\t\t\t\t\t<\/div>\n\t\t<\/div>\n\t\t\t\t\t<\/div>\n\t\t<\/section>\n\t\t\t\t<section class=\"elementor-section elementor-top-section elementor-element elementor-element-c775c8f elementor-section-boxed elementor-section-height-default elementor-section-height-default\" data-id=\"c775c8f\" data-element_type=\"section\">\n\t\t\t\t\t\t<div class=\"elementor-container elementor-column-gap-default\">\n\t\t\t\t\t<div class=\"elementor-column elementor-col-100 elementor-top-column elementor-element elementor-element-3a15d47\" data-id=\"3a15d47\" data-element_type=\"column\">\n\t\t\t<div class=\"elementor-widget-wrap elementor-element-populated\">\n\t\t\t\t\t\t<div class=\"elementor-element elementor-element-ff20a31 elementor-widget elementor-widget-heading\" data-id=\"ff20a31\" data-element_type=\"widget\" data-widget_type=\"heading.default\">\n\t\t\t\t<div class=\"elementor-widget-container\">\n\t\t\t\t\t<h2 class=\"elementor-heading-title elementor-size-default\">.<\/h2>\t\t\t\t<\/div>\n\t\t\t\t<\/div>\n\t\t\t\t\t<\/div>\n\t\t<\/div>\n\t\t\t\t\t<\/div>\n\t\t<\/section>\n\t\t\t\t<section class=\"elementor-section elementor-top-section elementor-element elementor-element-ba52f72 elementor-section-boxed elementor-section-height-default elementor-section-height-default\" data-id=\"ba52f72\" data-element_type=\"section\">\n\t\t\t\t\t\t<div class=\"elementor-container elementor-column-gap-default\">\n\t\t\t\t\t<div class=\"elementor-column elementor-col-100 elementor-top-column elementor-element elementor-element-ef47260\" data-id=\"ef47260\" data-element_type=\"column\">\n\t\t\t<div class=\"elementor-widget-wrap elementor-element-populated\">\n\t\t\t\t\t\t<div class=\"elementor-element elementor-element-be360fd elementor-widget elementor-widget-text-editor\" data-id=\"be360fd\" data-element_type=\"widget\" data-widget_type=\"text-editor.default\">\n\t\t\t\t<div class=\"elementor-widget-container\">\n\t\t\t\t\t\t\t\t\t<p><span style=\"font-style: inherit; font-weight: inherit; background-color: var(--ast-global-color-5);\">Soy documentalista de con t\u00edtulo en Periodismo y licenciatura en Comunicaci\u00f3n Social de la Pontificia Universidad Cat\u00f3lica de Valpara\u00edso.&nbsp;<\/span><span style=\"font-style: inherit; font-weight: inherit; background-color: var(--ast-global-color-5);\">De inmediato comenc\u00e9 mi especializaci\u00f3n en cine documental,<\/span><span style=\"font-style: inherit; font-weight: inherit; background-color: var(--ast-global-color-5);\">&nbsp;acumulando <\/span><span style=\"font-style: inherit; font-weight: inherit; background-color: var(--ast-global-color-5);\">de trece a\u00f1os de participaci\u00f3n&nbsp;<\/span><span style=\"font-style: inherit; font-weight: inherit; background-color: var(--ast-global-color-5);\">en series y unitarios rodados en Sudam\u00e9rica, Norteam\u00e9rica y Europa, y exhibidos en festivales especializados y canales de pa\u00edses como Chile, Alemania, Francia, Austria y Nueva Zelanda.&nbsp;<\/span><\/p>\n<p>Mi trayectoria parte en Dereojo de Comunicaciones de Valpara\u00edso (2010-2015),&nbsp;<span style=\"font-style: inherit; font-weight: inherit; background-color: var(--ast-global-color-5);\">como guionista, investigador y productor period\u00edstico de series relacionadas a las artes y la literatura como \u201cEtnogr\u00e1fica\u201d, \u00abHistoria del Dise\u00f1o Gr\u00e1fico en Chile\u00bb, \u00abLas Cuatro Vidas de Aniceto\u00bb y \u00abDemoliendo el Muro\u00bb. Lu<\/span><span style=\"background-color: var(--ast-global-color-5);\">ego, asumo en Santiago como director period\u00edstico de Glaciar Films (2015-2021), donde co-dirijo las series sobre arquitectura y patrimonio \u00abChilo\u00e9\u00bb y \u00abTr\u00e1fico Il\u00edcito\u00bb, y participo como asistente de direcci\u00f3n en la serie \u00abBuilding Visions\u00bb.<\/span><\/p>\n<p><span style=\"font-style: inherit; font-weight: inherit; background-color: var(--ast-global-color-5);\">En 2021 fundo Reverberancias, medio especializado en m\u00fasica popular donde a la fecha dirijo los documentales<\/span><span style=\"background-color: var(--ast-global-color-5);\">&nbsp;\u00abSue\u00f1os en Espiral\u00bb, \u00abFriends Of Chile\u00bb y \u00abMovimientos\u00bb, acreedores de distintos fondos para sus etapas de desarrollo y producci\u00f3n. All\u00ed tambi\u00e9n lidero \u00abReverberantes\u00bb,&nbsp;<\/span><span style=\"background-color: var(--ast-global-color-5);\">video podcast y cuaderno editorial<\/span><span style=\"background-color: var(--ast-global-color-5);\">&nbsp;con<\/span><span style=\"background-color: var(--ast-global-color-5); font-style: inherit; font-weight: inherit;\">&nbsp;entrevistas a referentes de la m\u00fasica nacional.<\/span><\/p>\n<p><span style=\"background-color: var(--ast-global-color-5);\">De forma independiente, he sido editor period\u00edstico del documental \u00abEn Septiembre Canta el Gallo\u00bb y, en el presente, integro <\/span><span style=\"background-color: var(--ast-global-color-5); font-style: inherit; font-weight: inherit;\">la serie documental en desarrollo \u00abBit\u00e1cora del Fin del Mundo\u00bb &#8211;<\/span><span style=\"font-weight: inherit; font-style: inherit; background-color: var(--ast-global-color-5);\">direcci\u00f3n y gui\u00f3n-&nbsp;<\/span><span style=\"font-style: inherit; font-weight: inherit; background-color: var(--ast-global-color-5);\">&nbsp;y el tercer largometraje documental de Crist\u00f3bal Valenzuela -asistencia direcci\u00f3n-.&nbsp;<\/span><span style=\"font-style: inherit; font-weight: inherit; background-color: var(--ast-global-color-5);\">Tengo formaci\u00f3n literaria con los escritores Diego Z\u00fa\u00f1iga y Jaime Collyer, y de redacci\u00f3n creativa en Brother Ad School Santiago. He sido creativo digital en Proximity\/BBDO, y colaborador de medios como Culto -de La Tercera- y Humo Negro.<\/span><span style=\"background-color: var(--ast-global-color-5); font-style: inherit; font-weight: inherit;\">&nbsp;<\/span><\/p>\n<p><span style=\"background-color: var(--ast-global-color-5); color: #999999; font-style: inherit; font-weight: inherit;\">&nbsp;<\/span><\/p>\n<p><span style=\"background-color: var(--ast-global-color-5);\"><span style=\"color: #999999;\">I&#8217;m a documentary filmmaker.&nbsp;<\/span><\/span><span style=\"background-color: var(--ast-global-color-5);\"><span style=\"color: #999999;\">I graduated in journalism and a bachelor&#8217;s degree in social communication&nbsp;<\/span><\/span><span style=\"font-style: inherit; font-weight: inherit; color: #999999; background-color: var(--ast-global-color-5);\">from the Pontificia Universidad Cat\u00f3lica de Valpara\u00edso. My specialization in documentary cinema began as soon as I graduated, accumulating thirteen years in series and feature films shot in South America, North America and Europe, and exhibited in festivals and channels in countries such as Chile, Germany, France, Austria and New Zealand.&nbsp;<\/span><\/p>\n<p><span style=\"color: #999999;\">My career starts in Dereojo Comunicaciones in Valpara\u00edso (2010-2015), as a scriptwriter, researcher and journalistic producer of series related to arts and literature such as \u00abEtnogr\u00e1fica\u00bb, \u00abHistoria del Dise\u00f1o Gr\u00e1fico en Chile\u00bb, \u00abLas Cuatro Vidas de Aniceto\u00bb and \u00abDemoliendo el Muro\u00bb. Then, in Santiago I assume as a research director at Glaciar Films (2015-2021), where I co-directed the series on architecture and heritage \u00abChilo\u00e9\u00bb and \u00abTr\u00e1fico Il\u00edcito\u00bb, and participated as assistant director in \u00abBuilding Visions\u00bb.<\/span><\/p>\n<p><span style=\"color: #999999;\">In 2021 I founded Reverberancias, a media specialized in popular music and where to date I direct the documentaries \u00abSue\u00f1os en Espiral\u00bb, \u00abFriends Of Chile\u00bb and \u00abMovimientos\u00bb, winners of different funds for their development and production stages. There I also lead the recently funded project \u00abReverberantes\u00bb, a video podcast and editorial notebook with interviews to national music referents.&nbsp;<\/span><\/p>\n<p><span style=\"color: #999999;\"><span style=\"font-weight: inherit; background-color: var(--ast-global-color-5);\">Independently, I&#8217;ve been editor of the documentary \u00abEn Septiembre Canta el Gallo\u00bb and, at present, I&#8217;m co-director and co-writer of the documentary series in development \u00abBit\u00e1cora del Fin del Mundo\u00bb, as well as assistant director in the third feature documentary by Crist\u00f3bal Valenzuela. I have literary studies with writers Diego Z\u00fa\u00f1iga and Jaime Collyer, and copywriting at Brother Ad School Santiago. I&#8217;ve been a digital creative at Proximity\/BBDO, and a collaborator to media such as Culto -La Tercera- and Humo Negro.<\/span><\/span><\/p>\t\t\t\t\t\t\t\t<\/div>\n\t\t\t\t<\/div>\n\t\t\t\t<div class=\"elementor-element elementor-element-b0907a1 elementor-widget elementor-widget-heading\" data-id=\"b0907a1\" data-element_type=\"widget\" data-widget_type=\"heading.default\">\n\t\t\t\t<div class=\"elementor-widget-container\">\n\t\t\t\t\t<h2 class=\"elementor-heading-title elementor-size-default\">David Guzm\u00e1n Storey | Cine Documental | Chile, 2025 \u00a9<\/h2>\t\t\t\t<\/div>\n\t\t\t\t<\/div>\n\t\t\t\t\t<\/div>\n\t\t<\/div>\n\t\t\t\t\t<\/div>\n\t\t<\/section>\n\t\t\t\t<\/div>\n\t\t","protected":false},"excerpt":{"rendered":"<p>. Soy documentalista de con t\u00edtulo en Periodismo y licenciatura en Comunicaci\u00f3n Social de la Pontificia Universidad Cat\u00f3lica de Valpara\u00edso.&nbsp;De inmediato comenc\u00e9 mi especializaci\u00f3n en cine documental,&nbsp;acumulando de trece a\u00f1os de participaci\u00f3n&nbsp;en series y unitarios rodados en Sudam\u00e9rica, Norteam\u00e9rica y Europa, y exhibidos en festivales especializados y canales de pa\u00edses como Chile, Alemania, Francia, Austria [&hellip;]<\/p>\n","protected":false},"author":1,"featured_media":0,"parent":0,"menu_order":0,"comment_status":"closed","ping_status":"closed","template":"","meta":{"site-sidebar-layout":"no-sidebar","site-content-layout":"page-builder","ast-site-content-layout":"","site-content-style":"default","site-sidebar-style":"default","ast-global-header-display":"","ast-banner-title-visibility":"","ast-main-header-display":"","ast-hfb-above-header-display":"","ast-hfb-below-header-display":"","ast-hfb-mobile-header-display":"","site-post-title":"disabled","ast-breadcrumbs-content":"","ast-featured-img":"disabled","footer-sml-layout":"","theme-transparent-header-meta":"","adv-header-id-meta":"","stick-header-meta":"","header-above-stick-meta":"","header-main-stick-meta":"","header-below-stick-meta":"","astra-migrate-meta-layouts":"default","ast-page-background-enabled":"default","ast-page-background-meta":{"desktop":{"background-color":"var(--ast-global-color-4)","background-image":"","background-repeat":"repeat","background-position":"center center","background-size":"auto","background-attachment":"scroll","background-type":"","background-media":"","overlay-type":"","overlay-color":"","overlay-opacity":"","overlay-gradient":""},"tablet":{"background-color":"","background-image":"","background-repeat":"repeat","background-position":"center center","background-size":"auto","background-attachment":"scroll","background-type":"","background-media":"","overlay-type":"","overlay-color":"","overlay-opacity":"","overlay-gradient":""},"mobile":{"background-color":"","background-image":"","background-repeat":"repeat","background-position":"center center","background-size":"auto","background-attachment":"scroll","background-type":"","background-media":"","overlay-type":"","overlay-color":"","overlay-opacity":"","overlay-gradient":""}},"ast-content-background-meta":{"desktop":{"background-color":"var(--ast-global-color-5)","background-image":"","background-repeat":"repeat","background-position":"center center","background-size":"auto","background-attachment":"scroll","background-type":"","background-media":"","overlay-type":"","overlay-color":"","overlay-opacity":"","overlay-gradient":""},"tablet":{"background-color":"var(--ast-global-color-5)","background-image":"","background-repeat":"repeat","background-position":"center center","background-size":"auto","background-attachment":"scroll","background-type":"","background-media":"","overlay-type":"","overlay-color":"","overlay-opacity":"","overlay-gradient":""},"mobile":{"background-color":"var(--ast-global-color-5)","background-image":"","background-repeat":"repeat","background-position":"center center","background-size":"auto","background-attachment":"scroll","background-type":"","background-media":"","overlay-type":"","overlay-color":"","overlay-opacity":"","overlay-gradient":""}},"footnotes":""},"class_list":["post-12","page","type-page","status-publish","hentry"],"_links":{"self":[{"href":"https:\/\/guzmanstorey.cl\/index.php?rest_route=\/wp\/v2\/pages\/12","targetHints":{"allow":["GET"]}}],"collection":[{"href":"https:\/\/guzmanstorey.cl\/index.php?rest_route=\/wp\/v2\/pages"}],"about":[{"href":"https:\/\/guzmanstorey.cl\/index.php?rest_route=\/wp\/v2\/types\/page"}],"author":[{"embeddable":true,"href":"https:\/\/guzmanstorey.cl\/index.php?rest_route=\/wp\/v2\/users\/1"}],"replies":[{"embeddable":true,"href":"https:\/\/guzmanstorey.cl\/index.php?rest_route=%2Fwp%2Fv2%2Fcomments&post=12"}],"version-history":[{"count":175,"href":"https:\/\/guzmanstorey.cl\/index.php?rest_route=\/wp\/v2\/pages\/12\/revisions"}],"predecessor-version":[{"id":1808,"href":"https:\/\/guzmanstorey.cl\/index.php?rest_route=\/wp\/v2\/pages\/12\/revisions\/1808"}],"wp:attachment":[{"href":"https:\/\/guzmanstorey.cl\/index.php?rest_route=%2Fwp%2Fv2%2Fmedia&parent=12"}],"curies":[{"name":"wp","href":"https:\/\/api.w.org\/{rel}","templated":true}]}}