{"id":1292,"date":"2023-09-04T15:42:14","date_gmt":"2023-09-04T15:42:14","guid":{"rendered":"https:\/\/guzmanstorey.cl\/?page_id=1292"},"modified":"2025-09-08T06:42:22","modified_gmt":"2025-09-08T06:42:22","slug":"en-septiembre-canta-el-gallo-2023","status":"publish","type":"page","link":"https:\/\/guzmanstorey.cl\/?page_id=1292","title":{"rendered":"En Septiembre Canta el Gallo &#8211; Edici\u00f3n Period\u00edstica [2023]"},"content":{"rendered":"\t\t<div data-elementor-type=\"wp-page\" data-elementor-id=\"1292\" class=\"elementor elementor-1292\">\n\t\t\t\t\t\t<section class=\"elementor-section elementor-top-section elementor-element elementor-element-8358305 elementor-section-boxed elementor-section-height-default elementor-section-height-default\" data-id=\"8358305\" data-element_type=\"section\">\n\t\t\t\t\t\t<div class=\"elementor-container elementor-column-gap-default\">\n\t\t\t\t\t<div class=\"elementor-column elementor-col-100 elementor-top-column elementor-element elementor-element-14d01aa\" data-id=\"14d01aa\" data-element_type=\"column\">\n\t\t\t<div class=\"elementor-widget-wrap elementor-element-populated\">\n\t\t\t\t\t\t<div class=\"elementor-element elementor-element-071517f elementor-widget elementor-widget-text-editor\" data-id=\"071517f\" data-element_type=\"widget\" data-widget_type=\"text-editor.default\">\n\t\t\t\t<div class=\"elementor-widget-container\">\n\t\t\t\t\t\t\t\t\t<p><span style=\"background-color: var(--ast-global-color-5); color: #5d5d5d; font-family: 'Courier Prime', sans-serif; font-size: 14px; font-style: inherit; font-weight: inherit; letter-spacing: -1px;\"><br \/>[Nombre] En Septiembre Canta el Gallo<br \/><\/span><span style=\"font-style: inherit; font-weight: inherit; color: #5d5d5d; background-color: var(--ast-global-color-5); font-family: 'Courier Prime', sans-serif; font-size: 14px; letter-spacing: -1px;\">[Rol] Edici\u00f3n Period\u00edstica<br \/><\/span><span style=\"color: #5d5d5d; background-color: var(--ast-global-color-5); font-family: 'Courier Prime', sans-serif; font-size: 14px; letter-spacing: -1px; font-weight: var( --e-global-typography-text-font-weight );\"><br \/><\/span><span style=\"background-color: var(--ast-global-color-5);\"><span style=\"color: #5d5d5d;\">Largometraje documental\u00a0donde distintas voces de la m\u00fasica de los 70\u00a0<\/span><\/span><span style=\"color: #5d5d5d; background-color: var(--ast-global-color-5);\">reflexionan las relaciones entre el mundo de la cultura y la pol\u00edtica.\u00a0<\/span><span style=\"color: #5d5d5d; background-color: var(--ast-global-color-5); font-style: inherit; font-weight: inherit;\">Canciones, poes\u00eda, im\u00e1genes de archivo y animaci\u00f3n, acompa\u00f1an testimonios in\u00e9ditos de un amplio abanico de cantoras y cantores populares activos a comienzos de la d\u00e9cada, de Joan Manuel Serrat a Isabel Parra, de Los Jaivas a Inti-Illimani, del canto de ra\u00edz a la sicodelia, pasando por la m\u00fasica andina y la fusi\u00f3n con la m\u00fasica docta.\u00a0<br \/><\/span><span style=\"background-color: var(--ast-global-color-5); color: #5d5d5d; font-style: inherit; font-weight: inherit;\"><br \/>[Direcci\u00f3n] Fernando Stern, Luis Brice\u00f1o<\/span><\/p>\t\t\t\t\t\t\t\t<\/div>\n\t\t\t\t<\/div>\n\t\t\t\t<div class=\"elementor-element elementor-element-0052b34 elementor-pagination-position-outside elementor-widget elementor-widget-image-carousel\" data-id=\"0052b34\" data-element_type=\"widget\" data-settings=\"{&quot;slides_to_show&quot;:&quot;1&quot;,&quot;navigation&quot;:&quot;dots&quot;,&quot;effect&quot;:&quot;fade&quot;,&quot;speed&quot;:3000,&quot;autoplay&quot;:&quot;yes&quot;,&quot;pause_on_hover&quot;:&quot;yes&quot;,&quot;pause_on_interaction&quot;:&quot;yes&quot;,&quot;autoplay_speed&quot;:5000,&quot;infinite&quot;:&quot;yes&quot;}\" data-widget_type=\"image-carousel.default\">\n\t\t\t\t<div class=\"elementor-widget-container\">\n\t\t\t\t\t\t\t<div class=\"elementor-image-carousel-wrapper swiper\" role=\"region\" aria-roledescription=\"carousel\" aria-label=\"Carrusel de im\u00e1genes\" dir=\"ltr\">\n\t\t\t<div class=\"elementor-image-carousel swiper-wrapper\" aria-live=\"off\">\n\t\t\t\t\t\t\t\t<div class=\"swiper-slide\" role=\"group\" aria-roledescription=\"slide\" aria-label=\"1 de 5\"><figure class=\"swiper-slide-inner\"><img decoding=\"async\" class=\"swiper-slide-image\" src=\"https:\/\/guzmanstorey.cl\/wp-content\/uploads\/2023\/09\/Esceg_1.9.1.png\" alt=\"Esceg_1.9.1\" \/><\/figure><\/div><div class=\"swiper-slide\" role=\"group\" aria-roledescription=\"slide\" aria-label=\"2 de 5\"><figure class=\"swiper-slide-inner\"><img decoding=\"async\" class=\"swiper-slide-image\" src=\"https:\/\/guzmanstorey.cl\/wp-content\/uploads\/2023\/09\/Esceg_3.159.1.png\" alt=\"Esceg_3.159.1\" \/><\/figure><\/div><div class=\"swiper-slide\" role=\"group\" aria-roledescription=\"slide\" aria-label=\"3 de 5\"><figure class=\"swiper-slide-inner\"><img decoding=\"async\" class=\"swiper-slide-image\" src=\"https:\/\/guzmanstorey.cl\/wp-content\/uploads\/2023\/09\/Esceg_1.18.1.png\" alt=\"Esceg_1.18.1\" \/><\/figure><\/div><div class=\"swiper-slide\" role=\"group\" aria-roledescription=\"slide\" aria-label=\"4 de 5\"><figure class=\"swiper-slide-inner\"><img decoding=\"async\" class=\"swiper-slide-image\" src=\"https:\/\/guzmanstorey.cl\/wp-content\/uploads\/2023\/09\/Esceg_1.133.1.png\" alt=\"Esceg_1.133.1\" \/><\/figure><\/div><div class=\"swiper-slide\" role=\"group\" aria-roledescription=\"slide\" aria-label=\"5 de 5\"><figure class=\"swiper-slide-inner\"><img decoding=\"async\" class=\"swiper-slide-image\" src=\"https:\/\/guzmanstorey.cl\/wp-content\/uploads\/2023\/09\/Esceg_1.5.1.png\" alt=\"Esceg_1.5.1\" \/><\/figure><\/div>\t\t\t<\/div>\n\t\t\t\t\t\t\t\n\t\t\t\t\t\t\t\t\t<div class=\"swiper-pagination\"><\/div>\n\t\t\t\t\t\t\t\t\t<\/div>\n\t\t\t\t\t\t<\/div>\n\t\t\t\t<\/div>\n\t\t\t\t<div class=\"elementor-element elementor-element-57e1945 elementor-widget elementor-widget-text-editor\" data-id=\"57e1945\" data-element_type=\"widget\" data-widget_type=\"text-editor.default\">\n\t\t\t\t<div class=\"elementor-widget-container\">\n\t\t\t\t\t\t\t\t\t<h2 class=\"elementor-heading-title elementor-size-default elementor-inline-editing pen\" style=\"font-size: 12px; font-style: normal; font-weight: 100; margin-bottom: 0px; color: #5d5d5d; letter-spacing: normal; -webkit-text-stroke-color: #000000; stroke: #000000; text-shadow: rgba(0, 0, 0, 0.3) 0px 0px 0px; text-align: center;\" data-elementor-setting-key=\"title\" data-pen-placeholder=\"Teclea aqu\u00ed...\">\u00a9<\/h2>\t\t\t\t\t\t\t\t<\/div>\n\t\t\t\t<\/div>\n\t\t\t\t\t<\/div>\n\t\t<\/div>\n\t\t\t\t\t<\/div>\n\t\t<\/section>\n\t\t\t\t<\/div>\n\t\t","protected":false},"excerpt":{"rendered":"<p>[Nombre] En Septiembre Canta el Gallo[Rol] Edici\u00f3n Period\u00edstica Largometraje documental\u00a0donde distintas voces de la m\u00fasica de los 70\u00a0reflexionan las relaciones entre el mundo de la cultura y la pol\u00edtica.\u00a0Canciones, poes\u00eda, im\u00e1genes de archivo y animaci\u00f3n, acompa\u00f1an testimonios in\u00e9ditos de un amplio abanico de cantoras y cantores populares activos a comienzos de la d\u00e9cada, de Joan [&hellip;]<\/p>\n","protected":false},"author":1,"featured_media":1307,"parent":0,"menu_order":0,"comment_status":"closed","ping_status":"closed","template":"","meta":{"site-sidebar-layout":"no-sidebar","site-content-layout":"page-builder","ast-site-content-layout":"","site-content-style":"default","site-sidebar-style":"default","ast-global-header-display":"","ast-banner-title-visibility":"","ast-main-header-display":"","ast-hfb-above-header-display":"","ast-hfb-below-header-display":"","ast-hfb-mobile-header-display":"","site-post-title":"disabled","ast-breadcrumbs-content":"","ast-featured-img":"disabled","footer-sml-layout":"","theme-transparent-header-meta":"","adv-header-id-meta":"","stick-header-meta":"","header-above-stick-meta":"","header-main-stick-meta":"","header-below-stick-meta":"","astra-migrate-meta-layouts":"default","ast-page-background-enabled":"default","ast-page-background-meta":{"desktop":{"background-color":"var(--ast-global-color-4)","background-image":"","background-repeat":"repeat","background-position":"center center","background-size":"auto","background-attachment":"scroll","background-type":"","background-media":"","overlay-type":"","overlay-color":"","overlay-opacity":"","overlay-gradient":""},"tablet":{"background-color":"","background-image":"","background-repeat":"repeat","background-position":"center center","background-size":"auto","background-attachment":"scroll","background-type":"","background-media":"","overlay-type":"","overlay-color":"","overlay-opacity":"","overlay-gradient":""},"mobile":{"background-color":"","background-image":"","background-repeat":"repeat","background-position":"center center","background-size":"auto","background-attachment":"scroll","background-type":"","background-media":"","overlay-type":"","overlay-color":"","overlay-opacity":"","overlay-gradient":""}},"ast-content-background-meta":{"desktop":{"background-color":"var(--ast-global-color-5)","background-image":"","background-repeat":"repeat","background-position":"center center","background-size":"auto","background-attachment":"scroll","background-type":"","background-media":"","overlay-type":"","overlay-color":"","overlay-opacity":"","overlay-gradient":""},"tablet":{"background-color":"var(--ast-global-color-5)","background-image":"","background-repeat":"repeat","background-position":"center center","background-size":"auto","background-attachment":"scroll","background-type":"","background-media":"","overlay-type":"","overlay-color":"","overlay-opacity":"","overlay-gradient":""},"mobile":{"background-color":"var(--ast-global-color-5)","background-image":"","background-repeat":"repeat","background-position":"center center","background-size":"auto","background-attachment":"scroll","background-type":"","background-media":"","overlay-type":"","overlay-color":"","overlay-opacity":"","overlay-gradient":""}},"footnotes":""},"class_list":["post-1292","page","type-page","status-publish","has-post-thumbnail","hentry"],"_links":{"self":[{"href":"https:\/\/guzmanstorey.cl\/index.php?rest_route=\/wp\/v2\/pages\/1292","targetHints":{"allow":["GET"]}}],"collection":[{"href":"https:\/\/guzmanstorey.cl\/index.php?rest_route=\/wp\/v2\/pages"}],"about":[{"href":"https:\/\/guzmanstorey.cl\/index.php?rest_route=\/wp\/v2\/types\/page"}],"author":[{"embeddable":true,"href":"https:\/\/guzmanstorey.cl\/index.php?rest_route=\/wp\/v2\/users\/1"}],"replies":[{"embeddable":true,"href":"https:\/\/guzmanstorey.cl\/index.php?rest_route=%2Fwp%2Fv2%2Fcomments&post=1292"}],"version-history":[{"count":23,"href":"https:\/\/guzmanstorey.cl\/index.php?rest_route=\/wp\/v2\/pages\/1292\/revisions"}],"predecessor-version":[{"id":1905,"href":"https:\/\/guzmanstorey.cl\/index.php?rest_route=\/wp\/v2\/pages\/1292\/revisions\/1905"}],"wp:featuredmedia":[{"embeddable":true,"href":"https:\/\/guzmanstorey.cl\/index.php?rest_route=\/wp\/v2\/media\/1307"}],"wp:attachment":[{"href":"https:\/\/guzmanstorey.cl\/index.php?rest_route=%2Fwp%2Fv2%2Fmedia&parent=1292"}],"curies":[{"name":"wp","href":"https:\/\/api.w.org\/{rel}","templated":true}]}}