{"id":1372,"date":"2024-03-19T14:30:17","date_gmt":"2024-03-19T14:30:17","guid":{"rendered":"https:\/\/guzmanstorey.cl\/?page_id=1372"},"modified":"2025-09-08T06:34:50","modified_gmt":"2025-09-08T06:34:50","slug":"friends-of-chile","status":"publish","type":"page","link":"https:\/\/guzmanstorey.cl\/?page_id=1372","title":{"rendered":"Friends of Chile &#8211; Director, Guionista, Investigaci\u00f3n [En desarrollo]"},"content":{"rendered":"\t\t<div data-elementor-type=\"wp-page\" data-elementor-id=\"1372\" class=\"elementor elementor-1372\">\n\t\t\t\t\t\t<section class=\"elementor-section elementor-top-section elementor-element elementor-element-3d63a0f elementor-section-boxed elementor-section-height-default elementor-section-height-default\" data-id=\"3d63a0f\" data-element_type=\"section\">\n\t\t\t\t\t\t<div class=\"elementor-container elementor-column-gap-default\">\n\t\t\t\t\t<div class=\"elementor-column elementor-col-100 elementor-top-column elementor-element elementor-element-8adfe9e\" data-id=\"8adfe9e\" data-element_type=\"column\">\n\t\t\t<div class=\"elementor-widget-wrap elementor-element-populated\">\n\t\t\t\t\t\t<div class=\"elementor-element elementor-element-359ecaf elementor-widget elementor-widget-text-editor\" data-id=\"359ecaf\" data-element_type=\"widget\" data-widget_type=\"text-editor.default\">\n\t\t\t\t<div class=\"elementor-widget-container\">\n\t\t\t\t\t\t\t\t\t<p><span style=\"background-color: var(--ast-global-color-5); color: #5d5d5d; font-family: 'Courier Prime', sans-serif; font-size: 14px; font-style: inherit; font-weight: inherit; letter-spacing: -1px;\"><br>[Nombre] Friends of Chile<br><\/span><span style=\"font-style: inherit; font-weight: inherit; color: #5d5d5d; background-color: var(--ast-global-color-5); font-family: 'Courier Prime', sans-serif; font-size: 14px; letter-spacing: -1px;\">[Rol] Director, Guionista, Investigaci\u00f3n<br><\/span><span style=\"color: #5d5d5d; background-color: var(--ast-global-color-5); font-family: 'Courier Prime', sans-serif; font-size: 14px; letter-spacing: -1px; font-weight: var( --e-global-typography-text-font-weight );\"><br><\/span><span style=\"background-color: var(--ast-global-color-5);\"><span style=\"color: #5d5d5d;\">Madison Square Garden, 1974. Un in\u00e9dito concierto plagado de estrellas del folk norteamericano en apoyo a las v\u00edctimas de la dictadura en Chile, podr\u00eda ser cancelado. \u00abFriends of Chile\u00bb es un largometraje documental que narra la conmovedora historia que uni\u00f3 a dos de los m\u00e1s grandes m\u00fasicos activistas a nivel mundial: el estadounidense Phil Ochs y el chileno V\u00edctor Jara. Un viaje a Sewell y la tragedia de un v\u00ednculo interrumpido, inspiraron ante 5 mil personas un pionero acto de solidaridad internacional. Esperanza y p\u00e9rdida se funden en la epopeya de un espect\u00e1culo olvidado.<\/span><br><\/span><span style=\"background-color: var(--ast-global-color-5); color: #5d5d5d; font-style: inherit; font-weight: inherit;\"><br><\/span><span style=\"background-color: var(--ast-global-color-5);\"><span style=\"color: #5d5d5d;\"><span style=\"font-style: inherit; font-weight: inherit;\">[Financia] L\u00ednea de Fortalecimiento del Fondo de Fomento Audiovisual;&nbsp;<\/span><\/span><\/span><span style=\"color: #5d5d5d; font-style: inherit; font-weight: inherit;\">Phil Ochs Fellowship&nbsp;<\/span><span style=\"font-weight: inherit; font-style: inherit; color: rgb(93, 93, 93);\">del&nbsp;<\/span><span style=\"color: rgb(93, 93, 93);\">Woody Guthrie Center, Tulsa, Oklahoma<\/span><\/p>\n<p><span style=\"font-style: inherit; font-weight: inherit; color: #5d5d5d;\">[Selecciones] Phil Ochs Fellowship Award<\/span><span style=\"background-color: var(--ast-global-color-5);\"><span style=\"color: #5d5d5d;\"><span style=\"font-style: inherit; font-weight: inherit;\"><br>[Casa Productora] Reverberancias<\/span><\/span><\/span><\/p>\t\t\t\t\t\t\t\t<\/div>\n\t\t\t\t<\/div>\n\t\t\t\t<div class=\"elementor-element elementor-element-da7cdd5 elementor-pagination-position-outside elementor-widget elementor-widget-image-carousel\" data-id=\"da7cdd5\" data-element_type=\"widget\" data-settings=\"{&quot;slides_to_show&quot;:&quot;1&quot;,&quot;navigation&quot;:&quot;dots&quot;,&quot;effect&quot;:&quot;fade&quot;,&quot;speed&quot;:3000,&quot;autoplay&quot;:&quot;yes&quot;,&quot;pause_on_hover&quot;:&quot;yes&quot;,&quot;pause_on_interaction&quot;:&quot;yes&quot;,&quot;autoplay_speed&quot;:5000,&quot;infinite&quot;:&quot;yes&quot;}\" data-widget_type=\"image-carousel.default\">\n\t\t\t\t<div class=\"elementor-widget-container\">\n\t\t\t\t\t\t\t<div class=\"elementor-image-carousel-wrapper swiper\" role=\"region\" aria-roledescription=\"carousel\" aria-label=\"Carrusel de im\u00e1genes\" dir=\"ltr\">\n\t\t\t<div class=\"elementor-image-carousel swiper-wrapper\" aria-live=\"off\">\n\t\t\t\t\t\t\t\t<div class=\"swiper-slide\" role=\"group\" aria-roledescription=\"slide\" aria-label=\"1 de 5\"><figure class=\"swiper-slide-inner\"><img decoding=\"async\" class=\"swiper-slide-image\" src=\"https:\/\/guzmanstorey.cl\/wp-content\/uploads\/2024\/11\/FOCH-REFERENCIA-COLOR-LUT-scaled.jpg\" alt=\"FOCH REFERENCIA COLOR (LUT)\" \/><\/figure><\/div><div class=\"swiper-slide\" role=\"group\" aria-roledescription=\"slide\" aria-label=\"2 de 5\"><figure class=\"swiper-slide-inner\"><img decoding=\"async\" class=\"swiper-slide-image\" src=\"https:\/\/guzmanstorey.cl\/wp-content\/uploads\/2024\/11\/FVJ_Still031-scaled.jpg\" alt=\"FVJ_Still031\" \/><\/figure><\/div><div class=\"swiper-slide\" role=\"group\" aria-roledescription=\"slide\" aria-label=\"3 de 5\"><figure class=\"swiper-slide-inner\"><img decoding=\"async\" class=\"swiper-slide-image\" src=\"https:\/\/guzmanstorey.cl\/wp-content\/uploads\/2025\/09\/animacion-1.jpg\" alt=\"animacion\" \/><\/figure><\/div><div class=\"swiper-slide\" role=\"group\" aria-roledescription=\"slide\" aria-label=\"4 de 5\"><figure class=\"swiper-slide-inner\"><img decoding=\"async\" class=\"swiper-slide-image\" src=\"https:\/\/guzmanstorey.cl\/wp-content\/uploads\/2024\/11\/J11-LOLA-INTERVIEW.00_59_18_07.Still030-scaled.jpg\" alt=\"J11 LOLA INTERVIEW.00_59_18_07.Still030\" \/><\/figure><\/div><div class=\"swiper-slide\" role=\"group\" aria-roledescription=\"slide\" aria-label=\"5 de 5\"><figure class=\"swiper-slide-inner\"><img decoding=\"async\" class=\"swiper-slide-image\" src=\"https:\/\/guzmanstorey.cl\/wp-content\/uploads\/2024\/11\/FOCHUSA0125.00_13_46_21.Still004-scaled.jpg\" alt=\"FOCHUSA0125.00_13_46_21.Still004\" \/><\/figure><\/div>\t\t\t<\/div>\n\t\t\t\t\t\t\t\n\t\t\t\t\t\t\t\t\t<div class=\"swiper-pagination\"><\/div>\n\t\t\t\t\t\t\t\t\t<\/div>\n\t\t\t\t\t\t<\/div>\n\t\t\t\t<\/div>\n\t\t\t\t\t<\/div>\n\t\t<\/div>\n\t\t\t\t\t<\/div>\n\t\t<\/section>\n\t\t\t\t<section class=\"elementor-section elementor-top-section elementor-element elementor-element-ac5abaf elementor-section-boxed elementor-section-height-default elementor-section-height-default\" data-id=\"ac5abaf\" data-element_type=\"section\">\n\t\t\t\t\t\t<div class=\"elementor-container elementor-column-gap-default\">\n\t\t\t\t\t<div class=\"elementor-column elementor-col-100 elementor-top-column elementor-element elementor-element-074f01b\" data-id=\"074f01b\" data-element_type=\"column\">\n\t\t\t<div class=\"elementor-widget-wrap elementor-element-populated\">\n\t\t\t\t\t\t<div class=\"elementor-element elementor-element-234587d elementor-widget elementor-widget-heading\" data-id=\"234587d\" data-element_type=\"widget\" data-widget_type=\"heading.default\">\n\t\t\t\t<div class=\"elementor-widget-container\">\n\t\t\t\t\t<h2 class=\"elementor-heading-title elementor-size-default\">David Guzm\u00e1n Storey | Cine Documental y Medios | Chile, 2025 \u00a9<\/h2>\t\t\t\t<\/div>\n\t\t\t\t<\/div>\n\t\t\t\t\t<\/div>\n\t\t<\/div>\n\t\t\t\t\t<\/div>\n\t\t<\/section>\n\t\t\t\t<\/div>\n\t\t","protected":false},"excerpt":{"rendered":"<p>[Nombre] Friends of Chile[Rol] Director, Guionista, Investigaci\u00f3n Madison Square Garden, 1974. Un in\u00e9dito concierto plagado de estrellas del folk norteamericano en apoyo a las v\u00edctimas de la dictadura en Chile, podr\u00eda ser cancelado. \u00abFriends of Chile\u00bb es un largometraje documental que narra la conmovedora historia que uni\u00f3 a dos de los m\u00e1s grandes m\u00fasicos activistas [&hellip;]<\/p>\n","protected":false},"author":1,"featured_media":1723,"parent":0,"menu_order":0,"comment_status":"closed","ping_status":"closed","template":"","meta":{"site-sidebar-layout":"no-sidebar","site-content-layout":"page-builder","ast-site-content-layout":"full-width-container","site-content-style":"unboxed","site-sidebar-style":"unboxed","ast-global-header-display":"","ast-banner-title-visibility":"","ast-main-header-display":"","ast-hfb-above-header-display":"","ast-hfb-below-header-display":"","ast-hfb-mobile-header-display":"","site-post-title":"disabled","ast-breadcrumbs-content":"","ast-featured-img":"disabled","footer-sml-layout":"","theme-transparent-header-meta":"","adv-header-id-meta":"","stick-header-meta":"","header-above-stick-meta":"","header-main-stick-meta":"","header-below-stick-meta":"","astra-migrate-meta-layouts":"set","ast-page-background-enabled":"default","ast-page-background-meta":{"desktop":{"background-color":"var(--ast-global-color-4)","background-image":"","background-repeat":"repeat","background-position":"center center","background-size":"auto","background-attachment":"scroll","background-type":"","background-media":"","overlay-type":"","overlay-color":"","overlay-opacity":"","overlay-gradient":""},"tablet":{"background-color":"","background-image":"","background-repeat":"repeat","background-position":"center center","background-size":"auto","background-attachment":"scroll","background-type":"","background-media":"","overlay-type":"","overlay-color":"","overlay-opacity":"","overlay-gradient":""},"mobile":{"background-color":"","background-image":"","background-repeat":"repeat","background-position":"center center","background-size":"auto","background-attachment":"scroll","background-type":"","background-media":"","overlay-type":"","overlay-color":"","overlay-opacity":"","overlay-gradient":""}},"ast-content-background-meta":{"desktop":{"background-color":"var(--ast-global-color-5)","background-image":"","background-repeat":"repeat","background-position":"center center","background-size":"auto","background-attachment":"scroll","background-type":"","background-media":"","overlay-type":"","overlay-color":"","overlay-opacity":"","overlay-gradient":""},"tablet":{"background-color":"var(--ast-global-color-5)","background-image":"","background-repeat":"repeat","background-position":"center center","background-size":"auto","background-attachment":"scroll","background-type":"","background-media":"","overlay-type":"","overlay-color":"","overlay-opacity":"","overlay-gradient":""},"mobile":{"background-color":"var(--ast-global-color-5)","background-image":"","background-repeat":"repeat","background-position":"center center","background-size":"auto","background-attachment":"scroll","background-type":"","background-media":"","overlay-type":"","overlay-color":"","overlay-opacity":"","overlay-gradient":""}},"footnotes":""},"class_list":["post-1372","page","type-page","status-publish","has-post-thumbnail","hentry"],"_links":{"self":[{"href":"https:\/\/guzmanstorey.cl\/index.php?rest_route=\/wp\/v2\/pages\/1372","targetHints":{"allow":["GET"]}}],"collection":[{"href":"https:\/\/guzmanstorey.cl\/index.php?rest_route=\/wp\/v2\/pages"}],"about":[{"href":"https:\/\/guzmanstorey.cl\/index.php?rest_route=\/wp\/v2\/types\/page"}],"author":[{"embeddable":true,"href":"https:\/\/guzmanstorey.cl\/index.php?rest_route=\/wp\/v2\/users\/1"}],"replies":[{"embeddable":true,"href":"https:\/\/guzmanstorey.cl\/index.php?rest_route=%2Fwp%2Fv2%2Fcomments&post=1372"}],"version-history":[{"count":52,"href":"https:\/\/guzmanstorey.cl\/index.php?rest_route=\/wp\/v2\/pages\/1372\/revisions"}],"predecessor-version":[{"id":1874,"href":"https:\/\/guzmanstorey.cl\/index.php?rest_route=\/wp\/v2\/pages\/1372\/revisions\/1874"}],"wp:featuredmedia":[{"embeddable":true,"href":"https:\/\/guzmanstorey.cl\/index.php?rest_route=\/wp\/v2\/media\/1723"}],"wp:attachment":[{"href":"https:\/\/guzmanstorey.cl\/index.php?rest_route=%2Fwp%2Fv2%2Fmedia&parent=1372"}],"curies":[{"name":"wp","href":"https:\/\/api.w.org\/{rel}","templated":true}]}}