{"id":1474,"date":"2023-09-04T15:48:40","date_gmt":"2023-09-04T15:48:40","guid":{"rendered":"https:\/\/guzmanstorey.cl\/?page_id=1474"},"modified":"2025-09-08T06:41:37","modified_gmt":"2025-09-08T06:41:37","slug":"agricultores-del-asfalto-en-produccion","status":"publish","type":"page","link":"https:\/\/guzmanstorey.cl\/?page_id=1474","title":{"rendered":"Agricultores del Asfalto &#8211; Guionista [En postproducci\u00f3n]"},"content":{"rendered":"\t\t<div data-elementor-type=\"wp-page\" data-elementor-id=\"1474\" class=\"elementor elementor-1474\">\n\t\t\t\t\t\t<section class=\"elementor-section elementor-top-section elementor-element elementor-element-d4dabd8 elementor-section-boxed elementor-section-height-default elementor-section-height-default\" data-id=\"d4dabd8\" data-element_type=\"section\">\n\t\t\t\t\t\t<div class=\"elementor-container elementor-column-gap-default\">\n\t\t\t\t\t<div class=\"elementor-column elementor-col-100 elementor-top-column elementor-element elementor-element-3286dde\" data-id=\"3286dde\" data-element_type=\"column\">\n\t\t\t<div class=\"elementor-widget-wrap elementor-element-populated\">\n\t\t\t\t\t\t<div class=\"elementor-element elementor-element-3392e22 elementor-widget elementor-widget-text-editor\" data-id=\"3392e22\" data-element_type=\"widget\" data-widget_type=\"text-editor.default\">\n\t\t\t\t<div class=\"elementor-widget-container\">\n\t\t\t\t\t\t\t\t\t<p><span style=\"background-color: var(--ast-global-color-5); color: #5d5d5d; font-family: 'Courier Prime', sans-serif; font-size: 14px; font-style: inherit; font-weight: inherit; letter-spacing: -1px;\"><br \/>[Nombre] Agricultores del Asfalto<br \/><\/span><span style=\"font-style: inherit; font-weight: inherit; color: #5d5d5d; background-color: var(--ast-global-color-5); font-family: 'Courier Prime', sans-serif; font-size: 14px; letter-spacing: -1px;\">[Rol] Guionista<br \/><\/span><span style=\"color: #5d5d5d; background-color: var(--ast-global-color-5); font-family: 'Courier Prime', sans-serif; font-size: 14px; letter-spacing: -1px; font-weight: var( --e-global-typography-text-font-weight );\"><br \/><\/span><span style=\"background-color: var(--ast-global-color-5);\"><span style=\"color: #5d5d5d;\">En medio de la actual crisis ambiental, sanitaria y econ\u00f3mica que viven las grandes megal\u00f3polis de Latinoam\u00e9rica, un grupo de ciudadanos luchan por la soberan\u00eda alimentaria de sus comunidades. Agricultores del Asfalto es una serie de 6 cap\u00edtulos de 27 minutos, que retrata los proyectos de agricultura urbana m\u00e1s significativos en 6 ciudades de nuestro continente.<\/span><br \/><\/span><span style=\"background-color: var(--ast-global-color-5); color: #5d5d5d; font-style: inherit; font-weight: inherit;\"><br \/><\/span><span style=\"background-color: var(--ast-global-color-5); color: #5d5d5d; font-style: inherit; font-weight: inherit;\">[Financia]\u00a0<\/span><span style=\"color: #5d5d5d;\">Fondo CNTV<\/span><span style=\"background-color: var(--ast-global-color-5); color: #5d5d5d; font-style: inherit; font-weight: inherit;\"><br \/>[Casa Productora] Diente de Le\u00f3n<br \/><\/span><span style=\"color: #5d5d5d;\">[Direcci\u00f3n] Paulina Ferreti<\/span><\/p>\t\t\t\t\t\t\t\t<\/div>\n\t\t\t\t<\/div>\n\t\t\t\t<div class=\"elementor-element elementor-element-0b8201d elementor-widget elementor-widget-video\" data-id=\"0b8201d\" data-element_type=\"widget\" data-settings=\"{&quot;video_type&quot;:&quot;vimeo&quot;}\" data-widget_type=\"video.default\">\n\t\t\t\t<div class=\"elementor-widget-container\">\n\t\t\t\t\t\t\t<div class=\"elementor-wrapper elementor-open-inline\">\n\t\t\t<iframe class=\"elementor-video-iframe\" allowfullscreen allow=\"clipboard-write\" title=\"Reproductor de v\u00eddeo vimeo\" src=\"https:\/\/player.vimeo.com\/video\/755269484?color&amp;autopause=0&amp;loop=0&amp;muted=0&amp;title=1&amp;portrait=1&amp;byline=1&amp;h=f6d622754a#t=\"><\/iframe>\t\t<\/div>\n\t\t\t\t\t\t<\/div>\n\t\t\t\t<\/div>\n\t\t\t\t<div class=\"elementor-element elementor-element-969282d elementor-widget elementor-widget-heading\" data-id=\"969282d\" data-element_type=\"widget\" data-widget_type=\"heading.default\">\n\t\t\t\t<div class=\"elementor-widget-container\">\n\t\t\t\t\t<h2 class=\"elementor-heading-title elementor-size-default\">David Guzm\u00e1n Storey | Cine Documental y Medios | Chile, 2025 \u00a9 <\/h2>\t\t\t\t<\/div>\n\t\t\t\t<\/div>\n\t\t\t\t\t<\/div>\n\t\t<\/div>\n\t\t\t\t\t<\/div>\n\t\t<\/section>\n\t\t\t\t<\/div>\n\t\t","protected":false},"excerpt":{"rendered":"<p>[Nombre] Agricultores del Asfalto[Rol] Guionista En medio de la actual crisis ambiental, sanitaria y econ\u00f3mica que viven las grandes megal\u00f3polis de Latinoam\u00e9rica, un grupo de ciudadanos luchan por la soberan\u00eda alimentaria de sus comunidades. Agricultores del Asfalto es una serie de 6 cap\u00edtulos de 27 minutos, que retrata los proyectos de agricultura urbana m\u00e1s significativos [&hellip;]<\/p>\n","protected":false},"author":1,"featured_media":1743,"parent":0,"menu_order":0,"comment_status":"closed","ping_status":"closed","template":"","meta":{"site-sidebar-layout":"no-sidebar","site-content-layout":"page-builder","ast-site-content-layout":"","site-content-style":"default","site-sidebar-style":"default","ast-global-header-display":"","ast-banner-title-visibility":"","ast-main-header-display":"","ast-hfb-above-header-display":"","ast-hfb-below-header-display":"","ast-hfb-mobile-header-display":"","site-post-title":"disabled","ast-breadcrumbs-content":"","ast-featured-img":"disabled","footer-sml-layout":"","theme-transparent-header-meta":"","adv-header-id-meta":"","stick-header-meta":"","header-above-stick-meta":"","header-main-stick-meta":"","header-below-stick-meta":"","astra-migrate-meta-layouts":"default","ast-page-background-enabled":"default","ast-page-background-meta":{"desktop":{"background-color":"var(--ast-global-color-4)","background-image":"","background-repeat":"repeat","background-position":"center center","background-size":"auto","background-attachment":"scroll","background-type":"","background-media":"","overlay-type":"","overlay-color":"","overlay-opacity":"","overlay-gradient":""},"tablet":{"background-color":"","background-image":"","background-repeat":"repeat","background-position":"center center","background-size":"auto","background-attachment":"scroll","background-type":"","background-media":"","overlay-type":"","overlay-color":"","overlay-opacity":"","overlay-gradient":""},"mobile":{"background-color":"","background-image":"","background-repeat":"repeat","background-position":"center center","background-size":"auto","background-attachment":"scroll","background-type":"","background-media":"","overlay-type":"","overlay-color":"","overlay-opacity":"","overlay-gradient":""}},"ast-content-background-meta":{"desktop":{"background-color":"var(--ast-global-color-5)","background-image":"","background-repeat":"repeat","background-position":"center center","background-size":"auto","background-attachment":"scroll","background-type":"","background-media":"","overlay-type":"","overlay-color":"","overlay-opacity":"","overlay-gradient":""},"tablet":{"background-color":"var(--ast-global-color-5)","background-image":"","background-repeat":"repeat","background-position":"center center","background-size":"auto","background-attachment":"scroll","background-type":"","background-media":"","overlay-type":"","overlay-color":"","overlay-opacity":"","overlay-gradient":""},"mobile":{"background-color":"var(--ast-global-color-5)","background-image":"","background-repeat":"repeat","background-position":"center center","background-size":"auto","background-attachment":"scroll","background-type":"","background-media":"","overlay-type":"","overlay-color":"","overlay-opacity":"","overlay-gradient":""}},"footnotes":""},"class_list":["post-1474","page","type-page","status-publish","has-post-thumbnail","hentry"],"_links":{"self":[{"href":"https:\/\/guzmanstorey.cl\/index.php?rest_route=\/wp\/v2\/pages\/1474","targetHints":{"allow":["GET"]}}],"collection":[{"href":"https:\/\/guzmanstorey.cl\/index.php?rest_route=\/wp\/v2\/pages"}],"about":[{"href":"https:\/\/guzmanstorey.cl\/index.php?rest_route=\/wp\/v2\/types\/page"}],"author":[{"embeddable":true,"href":"https:\/\/guzmanstorey.cl\/index.php?rest_route=\/wp\/v2\/users\/1"}],"replies":[{"embeddable":true,"href":"https:\/\/guzmanstorey.cl\/index.php?rest_route=%2Fwp%2Fv2%2Fcomments&post=1474"}],"version-history":[{"count":21,"href":"https:\/\/guzmanstorey.cl\/index.php?rest_route=\/wp\/v2\/pages\/1474\/revisions"}],"predecessor-version":[{"id":1902,"href":"https:\/\/guzmanstorey.cl\/index.php?rest_route=\/wp\/v2\/pages\/1474\/revisions\/1902"}],"wp:featuredmedia":[{"embeddable":true,"href":"https:\/\/guzmanstorey.cl\/index.php?rest_route=\/wp\/v2\/media\/1743"}],"wp:attachment":[{"href":"https:\/\/guzmanstorey.cl\/index.php?rest_route=%2Fwp%2Fv2%2Fmedia&parent=1474"}],"curies":[{"name":"wp","href":"https:\/\/api.w.org\/{rel}","templated":true}]}}