{"id":1821,"date":"2025-09-08T06:06:29","date_gmt":"2025-09-08T06:06:29","guid":{"rendered":"https:\/\/guzmanstorey.cl\/?page_id=1821"},"modified":"2025-09-08T06:38:24","modified_gmt":"2025-09-08T06:38:24","slug":"elementor-pagina-1821","status":"publish","type":"page","link":"https:\/\/guzmanstorey.cl\/?page_id=1821","title":{"rendered":"Reverberantes [Videopodcast]"},"content":{"rendered":"\t\t<div data-elementor-type=\"wp-page\" data-elementor-id=\"1821\" class=\"elementor elementor-1821\">\n\t\t\t\t\t\t<section class=\"elementor-section elementor-top-section elementor-element elementor-element-acb1169 elementor-section-boxed elementor-section-height-default elementor-section-height-default\" data-id=\"acb1169\" data-element_type=\"section\">\n\t\t\t\t\t\t<div class=\"elementor-container elementor-column-gap-default\">\n\t\t\t\t\t<div class=\"elementor-column elementor-col-100 elementor-top-column elementor-element elementor-element-7108bf2\" data-id=\"7108bf2\" data-element_type=\"column\">\n\t\t\t<div class=\"elementor-widget-wrap elementor-element-populated\">\n\t\t\t\t\t\t<div class=\"elementor-element elementor-element-8b5329b elementor-widget elementor-widget-text-editor\" data-id=\"8b5329b\" data-element_type=\"widget\" data-widget_type=\"text-editor.default\">\n\t\t\t\t<div class=\"elementor-widget-container\">\n\t\t\t\t\t\t\t\t\t<p><span style=\"background-color: var(--ast-global-color-5); color: #5d5d5d; font-family: 'Courier Prime', sans-serif; font-size: 14px; font-style: inherit; font-weight: inherit; letter-spacing: -1px;\"><br \/>[Nombre] Reverberantes<br \/><\/span><span style=\"font-style: inherit; font-weight: inherit; color: #5d5d5d; background-color: var(--ast-global-color-5); font-family: 'Courier Prime', sans-serif; font-size: 14px; letter-spacing: -1px;\">[Rol] Director<br \/><\/span><span style=\"color: #5d5d5d; font-style: inherit; font-weight: inherit; background-color: var(--ast-global-color-5);\"><br \/><\/span><span style=\"color: #5d5d5d;\">Videopodcast\u00a0<\/span><span style=\"color: #5d5d5d; font-style: inherit; font-weight: inherit;\">de entrevistas con referentes musicales de distintos g\u00e9neros y\u00a0<\/span><span style=\"color: #5d5d5d; font-style: inherit; font-weight: inherit;\">trayectorias en Chile, que en extendidas conversaciones\u00a0<\/span><span style=\"color: #5d5d5d; font-style: inherit; font-weight: inherit;\">comparten reflexiones inspiracionales, pasajes de\u00a0<\/span><span style=\"color: #5d5d5d; font-style: inherit; font-weight: inherit;\">vida, historias entra\u00f1ables, y voces creativas m\u00e1s all\u00e1 de\u00a0<\/span><span style=\"color: #5d5d5d; font-style: inherit; font-weight: inherit;\">lo puramente est\u00e9tico, permiti\u00e9ndonos descubrir qui\u00e9nes\u00a0<\/span><span style=\"color: #5d5d5d; font-style: inherit; font-weight: inherit;\">y c\u00f3mo son las personas que hacen posible aquello que\u00a0<\/span><span style=\"color: #5d5d5d; font-style: inherit; font-weight: inherit;\">tanto disfrutamos. Cada ocho cap\u00edtulos, el programa se acompa\u00f1a de un cuaderno editorial impreso a la venta, con extractos in\u00e9ditos y lo mejor de estos di\u00e1logos. Emitido por los canales de YouTube y Spotify de la casa productora Reverberancias.\u00a0<\/span><\/p><p><span style=\"font-style: inherit; font-weight: inherit; background-color: var(--ast-global-color-5);\"><span style=\"color: #5d5d5d;\"><br \/>[Financia] L\u00ednea de Comunicaciones del Fondo de la M\u00fasica<br \/>[Presenta] Master-G\u00a0<\/span><\/span><\/p><p><span style=\"font-style: inherit; font-weight: inherit; background-color: var(--ast-global-color-5);\"><span style=\"color: #5d5d5d;\">[Casa Productora] <a href=\"http:\/\/instagram.com\/reverberancias\">Reverberancias<\/a><br \/>[Conducen] David Guzm\u00e1n, Javiera Tapia<br \/><\/span><\/span><\/p>\t\t\t\t\t\t\t\t<\/div>\n\t\t\t\t<\/div>\n\t\t\t\t\t<\/div>\n\t\t<\/div>\n\t\t\t\t\t<\/div>\n\t\t<\/section>\n\t\t\t\t<section class=\"elementor-section elementor-top-section elementor-element elementor-element-77ef63a elementor-section-boxed elementor-section-height-default elementor-section-height-default\" data-id=\"77ef63a\" data-element_type=\"section\">\n\t\t\t\t\t\t<div class=\"elementor-container elementor-column-gap-default\">\n\t\t\t\t\t<div class=\"elementor-column elementor-col-100 elementor-top-column elementor-element elementor-element-0f997f1\" data-id=\"0f997f1\" data-element_type=\"column\">\n\t\t\t<div class=\"elementor-widget-wrap elementor-element-populated\">\n\t\t\t\t\t\t<div class=\"elementor-element elementor-element-a06b68e elementor-widget elementor-widget-video\" data-id=\"a06b68e\" data-element_type=\"widget\" data-settings=\"{&quot;youtube_url&quot;:&quot;https:\\\/\\\/www.youtube.com\\\/watch?v=EmkYqQHIvYM&quot;,&quot;start&quot;:0,&quot;video_type&quot;:&quot;youtube&quot;,&quot;controls&quot;:&quot;yes&quot;}\" data-widget_type=\"video.default\">\n\t\t\t\t<div class=\"elementor-widget-container\">\n\t\t\t\t\t\t\t<div class=\"elementor-wrapper elementor-open-inline\">\n\t\t\t<div class=\"elementor-video\"><\/div>\t\t<\/div>\n\t\t\t\t\t\t<\/div>\n\t\t\t\t<\/div>\n\t\t\t\t<div class=\"elementor-element elementor-element-cf257c6 elementor-widget elementor-widget-gallery\" data-id=\"cf257c6\" data-element_type=\"widget\" data-settings=\"{&quot;gallery_layout&quot;:&quot;masonry&quot;,&quot;gap&quot;:{&quot;unit&quot;:&quot;px&quot;,&quot;size&quot;:8.4,&quot;sizes&quot;:[]},&quot;lazyload&quot;:&quot;yes&quot;,&quot;columns&quot;:4,&quot;columns_tablet&quot;:2,&quot;columns_mobile&quot;:1,&quot;gap_tablet&quot;:{&quot;unit&quot;:&quot;px&quot;,&quot;size&quot;:10,&quot;sizes&quot;:[]},&quot;gap_mobile&quot;:{&quot;unit&quot;:&quot;px&quot;,&quot;size&quot;:10,&quot;sizes&quot;:[]},&quot;link_to&quot;:&quot;file&quot;,&quot;overlay_background&quot;:&quot;yes&quot;,&quot;content_hover_animation&quot;:&quot;fade-in&quot;}\" data-widget_type=\"gallery.default\">\n\t\t\t\t<div class=\"elementor-widget-container\">\n\t\t\t\t\t\t\t<div class=\"elementor-gallery__container\">\n\t\t\t\t\t\t\t<a class=\"e-gallery-item elementor-gallery-item elementor-animated-content\" href=\"https:\/\/guzmanstorey.cl\/wp-content\/uploads\/2025\/09\/Fotolibro2.png\" data-elementor-open-lightbox=\"yes\" data-elementor-lightbox-slideshow=\"all-cf257c6\" data-elementor-lightbox-title=\"Fotolibro2\" data-e-action-hash=\"#elementor-action%3Aaction%3Dlightbox%26settings%3DeyJpZCI6MTgzMywidXJsIjoiaHR0cHM6XC9cL2d1em1hbnN0b3JleS5jbFwvd3AtY29udGVudFwvdXBsb2Fkc1wvMjAyNVwvMDlcL0ZvdG9saWJybzIucG5nIiwic2xpZGVzaG93IjoiYWxsLWNmMjU3YzYifQ%3D%3D\">\n\t\t\t\t\t<div class=\"e-gallery-image elementor-gallery-item__image\" data-thumbnail=\"https:\/\/guzmanstorey.cl\/wp-content\/uploads\/2025\/09\/Fotolibro2-259x300.png\" data-width=\"259\" data-height=\"300\" alt=\"\" ><\/div>\n\t\t\t\t\t\t\t\t\t\t\t<div class=\"elementor-gallery-item__overlay\"><\/div>\n\t\t\t\t\t\t\t\t\t\t\t\t\t\t<\/a>\n\t\t\t\t\t\t\t<a class=\"e-gallery-item elementor-gallery-item elementor-animated-content\" href=\"https:\/\/guzmanstorey.cl\/wp-content\/uploads\/2025\/09\/tiara3b.jpg\" data-elementor-open-lightbox=\"yes\" data-elementor-lightbox-slideshow=\"all-cf257c6\" data-elementor-lightbox-title=\"tiara3b\" data-e-action-hash=\"#elementor-action%3Aaction%3Dlightbox%26settings%3DeyJpZCI6MTgyNCwidXJsIjoiaHR0cHM6XC9cL2d1em1hbnN0b3JleS5jbFwvd3AtY29udGVudFwvdXBsb2Fkc1wvMjAyNVwvMDlcL3RpYXJhM2IuanBnIiwic2xpZGVzaG93IjoiYWxsLWNmMjU3YzYifQ%3D%3D\">\n\t\t\t\t\t<div class=\"e-gallery-image elementor-gallery-item__image\" data-thumbnail=\"https:\/\/guzmanstorey.cl\/wp-content\/uploads\/2025\/09\/tiara3b-300x169.jpg\" data-width=\"300\" data-height=\"169\" alt=\"\" ><\/div>\n\t\t\t\t\t\t\t\t\t\t\t<div class=\"elementor-gallery-item__overlay\"><\/div>\n\t\t\t\t\t\t\t\t\t\t\t\t\t\t<\/a>\n\t\t\t\t\t\t\t<a class=\"e-gallery-item elementor-gallery-item elementor-animated-content\" href=\"https:\/\/guzmanstorey.cl\/wp-content\/uploads\/2025\/09\/Tiare2-scaled.png\" data-elementor-open-lightbox=\"yes\" data-elementor-lightbox-slideshow=\"all-cf257c6\" data-elementor-lightbox-title=\"Tiare2\" data-e-action-hash=\"#elementor-action%3Aaction%3Dlightbox%26settings%3DeyJpZCI6MTgzMCwidXJsIjoiaHR0cHM6XC9cL2d1em1hbnN0b3JleS5jbFwvd3AtY29udGVudFwvdXBsb2Fkc1wvMjAyNVwvMDlcL1RpYXJlMi1zY2FsZWQucG5nIiwic2xpZGVzaG93IjoiYWxsLWNmMjU3YzYifQ%3D%3D\">\n\t\t\t\t\t<div class=\"e-gallery-image elementor-gallery-item__image\" data-thumbnail=\"https:\/\/guzmanstorey.cl\/wp-content\/uploads\/2025\/09\/Tiare2-300x169.png\" data-width=\"300\" data-height=\"169\" alt=\"\" ><\/div>\n\t\t\t\t\t\t\t\t\t\t\t<div class=\"elementor-gallery-item__overlay\"><\/div>\n\t\t\t\t\t\t\t\t\t\t\t\t\t\t<\/a>\n\t\t\t\t\t\t\t<a class=\"e-gallery-item elementor-gallery-item elementor-animated-content\" href=\"https:\/\/guzmanstorey.cl\/wp-content\/uploads\/2025\/09\/Diego2-scaled.png\" data-elementor-open-lightbox=\"yes\" data-elementor-lightbox-slideshow=\"all-cf257c6\" data-elementor-lightbox-title=\"Diego2\" data-e-action-hash=\"#elementor-action%3Aaction%3Dlightbox%26settings%3DeyJpZCI6MTgyOSwidXJsIjoiaHR0cHM6XC9cL2d1em1hbnN0b3JleS5jbFwvd3AtY29udGVudFwvdXBsb2Fkc1wvMjAyNVwvMDlcL0RpZWdvMi1zY2FsZWQucG5nIiwic2xpZGVzaG93IjoiYWxsLWNmMjU3YzYifQ%3D%3D\">\n\t\t\t\t\t<div class=\"e-gallery-image elementor-gallery-item__image\" data-thumbnail=\"https:\/\/guzmanstorey.cl\/wp-content\/uploads\/2025\/09\/Diego2-300x169.png\" data-width=\"300\" data-height=\"169\" alt=\"\" ><\/div>\n\t\t\t\t\t\t\t\t\t\t\t<div class=\"elementor-gallery-item__overlay\"><\/div>\n\t\t\t\t\t\t\t\t\t\t\t\t\t\t<\/a>\n\t\t\t\t\t\t\t<a class=\"e-gallery-item elementor-gallery-item elementor-animated-content\" href=\"https:\/\/guzmanstorey.cl\/wp-content\/uploads\/2025\/09\/Maca2-scaled.png\" data-elementor-open-lightbox=\"yes\" data-elementor-lightbox-slideshow=\"all-cf257c6\" data-elementor-lightbox-title=\"Maca2\" data-e-action-hash=\"#elementor-action%3Aaction%3Dlightbox%26settings%3DeyJpZCI6MTgyNywidXJsIjoiaHR0cHM6XC9cL2d1em1hbnN0b3JleS5jbFwvd3AtY29udGVudFwvdXBsb2Fkc1wvMjAyNVwvMDlcL01hY2EyLXNjYWxlZC5wbmciLCJzbGlkZXNob3ciOiJhbGwtY2YyNTdjNiJ9\">\n\t\t\t\t\t<div class=\"e-gallery-image elementor-gallery-item__image\" data-thumbnail=\"https:\/\/guzmanstorey.cl\/wp-content\/uploads\/2025\/09\/Maca2-300x169.png\" data-width=\"300\" data-height=\"169\" alt=\"\" ><\/div>\n\t\t\t\t\t\t\t\t\t\t\t<div class=\"elementor-gallery-item__overlay\"><\/div>\n\t\t\t\t\t\t\t\t\t\t\t\t\t\t<\/a>\n\t\t\t\t\t\t\t<a class=\"e-gallery-item elementor-gallery-item elementor-animated-content\" href=\"https:\/\/guzmanstorey.cl\/wp-content\/uploads\/2025\/09\/c2-1.jpg\" data-elementor-open-lightbox=\"yes\" data-elementor-lightbox-slideshow=\"all-cf257c6\" data-elementor-lightbox-title=\"c2 (1)\" data-e-action-hash=\"#elementor-action%3Aaction%3Dlightbox%26settings%3DeyJpZCI6MTgyNiwidXJsIjoiaHR0cHM6XC9cL2d1em1hbnN0b3JleS5jbFwvd3AtY29udGVudFwvdXBsb2Fkc1wvMjAyNVwvMDlcL2MyLTEuanBnIiwic2xpZGVzaG93IjoiYWxsLWNmMjU3YzYifQ%3D%3D\">\n\t\t\t\t\t<div class=\"e-gallery-image elementor-gallery-item__image\" data-thumbnail=\"https:\/\/guzmanstorey.cl\/wp-content\/uploads\/2025\/09\/c2-1-300x169.jpg\" data-width=\"300\" data-height=\"169\" alt=\"\" ><\/div>\n\t\t\t\t\t\t\t\t\t\t\t<div class=\"elementor-gallery-item__overlay\"><\/div>\n\t\t\t\t\t\t\t\t\t\t\t\t\t\t<\/a>\n\t\t\t\t\t\t\t<a class=\"e-gallery-item elementor-gallery-item elementor-animated-content\" href=\"https:\/\/guzmanstorey.cl\/wp-content\/uploads\/2025\/09\/Martina-scaled.jpg\" data-elementor-open-lightbox=\"yes\" data-elementor-lightbox-slideshow=\"all-cf257c6\" data-elementor-lightbox-title=\"Screenshot\" data-e-action-hash=\"#elementor-action%3Aaction%3Dlightbox%26settings%3DeyJpZCI6MTgyNSwidXJsIjoiaHR0cHM6XC9cL2d1em1hbnN0b3JleS5jbFwvd3AtY29udGVudFwvdXBsb2Fkc1wvMjAyNVwvMDlcL01hcnRpbmEtc2NhbGVkLmpwZyIsInNsaWRlc2hvdyI6ImFsbC1jZjI1N2M2In0%3D\">\n\t\t\t\t\t<div class=\"e-gallery-image elementor-gallery-item__image\" data-thumbnail=\"https:\/\/guzmanstorey.cl\/wp-content\/uploads\/2025\/09\/Martina-300x169.jpg\" data-width=\"300\" data-height=\"169\" alt=\"\" ><\/div>\n\t\t\t\t\t\t\t\t\t\t\t<div class=\"elementor-gallery-item__overlay\"><\/div>\n\t\t\t\t\t\t\t\t\t\t\t\t\t\t<\/a>\n\t\t\t\t\t<\/div>\n\t\t\t\t\t<\/div>\n\t\t\t\t<\/div>\n\t\t\t\t<div class=\"elementor-element elementor-element-948cd1f elementor-widget elementor-widget-heading\" data-id=\"948cd1f\" data-element_type=\"widget\" data-widget_type=\"heading.default\">\n\t\t\t\t<div class=\"elementor-widget-container\">\n\t\t\t\t\t<h2 class=\"elementor-heading-title elementor-size-default\">David Guzm\u00e1n Storey | Cine Documental y Medios | Chile, 2025 \u00a9<\/h2>\t\t\t\t<\/div>\n\t\t\t\t<\/div>\n\t\t\t\t\t<\/div>\n\t\t<\/div>\n\t\t\t\t\t<\/div>\n\t\t<\/section>\n\t\t\t\t<\/div>\n\t\t","protected":false},"excerpt":{"rendered":"<p>[Nombre] Reverberantes[Rol] Director Videopodcast\u00a0de entrevistas con referentes musicales de distintos g\u00e9neros y\u00a0trayectorias en Chile, que en extendidas conversaciones\u00a0comparten reflexiones inspiracionales, pasajes de\u00a0vida, historias entra\u00f1ables, y voces creativas m\u00e1s all\u00e1 de\u00a0lo puramente est\u00e9tico, permiti\u00e9ndonos descubrir qui\u00e9nes\u00a0y c\u00f3mo son las personas que hacen posible aquello que\u00a0tanto disfrutamos. Cada ocho cap\u00edtulos, el programa se acompa\u00f1a de un cuaderno [&hellip;]<\/p>\n","protected":false},"author":1,"featured_media":1884,"parent":0,"menu_order":0,"comment_status":"closed","ping_status":"closed","template":"","meta":{"site-sidebar-layout":"no-sidebar","site-content-layout":"page-builder","ast-site-content-layout":"full-width-container","site-content-style":"default","site-sidebar-style":"default","ast-global-header-display":"","ast-banner-title-visibility":"","ast-main-header-display":"","ast-hfb-above-header-display":"","ast-hfb-below-header-display":"","ast-hfb-mobile-header-display":"","site-post-title":"disabled","ast-breadcrumbs-content":"","ast-featured-img":"disabled","footer-sml-layout":"","theme-transparent-header-meta":"","adv-header-id-meta":"","stick-header-meta":"","header-above-stick-meta":"","header-main-stick-meta":"","header-below-stick-meta":"","astra-migrate-meta-layouts":"default","ast-page-background-enabled":"default","ast-page-background-meta":{"desktop":{"background-color":"var(--ast-global-color-4)","background-image":"","background-repeat":"repeat","background-position":"center center","background-size":"auto","background-attachment":"scroll","background-type":"","background-media":"","overlay-type":"","overlay-color":"","overlay-opacity":"","overlay-gradient":""},"tablet":{"background-color":"","background-image":"","background-repeat":"repeat","background-position":"center center","background-size":"auto","background-attachment":"scroll","background-type":"","background-media":"","overlay-type":"","overlay-color":"","overlay-opacity":"","overlay-gradient":""},"mobile":{"background-color":"","background-image":"","background-repeat":"repeat","background-position":"center center","background-size":"auto","background-attachment":"scroll","background-type":"","background-media":"","overlay-type":"","overlay-color":"","overlay-opacity":"","overlay-gradient":""}},"ast-content-background-meta":{"desktop":{"background-color":"var(--ast-global-color-5)","background-image":"","background-repeat":"repeat","background-position":"center center","background-size":"auto","background-attachment":"scroll","background-type":"","background-media":"","overlay-type":"","overlay-color":"","overlay-opacity":"","overlay-gradient":""},"tablet":{"background-color":"var(--ast-global-color-5)","background-image":"","background-repeat":"repeat","background-position":"center center","background-size":"auto","background-attachment":"scroll","background-type":"","background-media":"","overlay-type":"","overlay-color":"","overlay-opacity":"","overlay-gradient":""},"mobile":{"background-color":"var(--ast-global-color-5)","background-image":"","background-repeat":"repeat","background-position":"center center","background-size":"auto","background-attachment":"scroll","background-type":"","background-media":"","overlay-type":"","overlay-color":"","overlay-opacity":"","overlay-gradient":""}},"footnotes":""},"class_list":["post-1821","page","type-page","status-publish","has-post-thumbnail","hentry"],"_links":{"self":[{"href":"https:\/\/guzmanstorey.cl\/index.php?rest_route=\/wp\/v2\/pages\/1821","targetHints":{"allow":["GET"]}}],"collection":[{"href":"https:\/\/guzmanstorey.cl\/index.php?rest_route=\/wp\/v2\/pages"}],"about":[{"href":"https:\/\/guzmanstorey.cl\/index.php?rest_route=\/wp\/v2\/types\/page"}],"author":[{"embeddable":true,"href":"https:\/\/guzmanstorey.cl\/index.php?rest_route=\/wp\/v2\/users\/1"}],"replies":[{"embeddable":true,"href":"https:\/\/guzmanstorey.cl\/index.php?rest_route=%2Fwp%2Fv2%2Fcomments&post=1821"}],"version-history":[{"count":28,"href":"https:\/\/guzmanstorey.cl\/index.php?rest_route=\/wp\/v2\/pages\/1821\/revisions"}],"predecessor-version":[{"id":1887,"href":"https:\/\/guzmanstorey.cl\/index.php?rest_route=\/wp\/v2\/pages\/1821\/revisions\/1887"}],"wp:featuredmedia":[{"embeddable":true,"href":"https:\/\/guzmanstorey.cl\/index.php?rest_route=\/wp\/v2\/media\/1884"}],"wp:attachment":[{"href":"https:\/\/guzmanstorey.cl\/index.php?rest_route=%2Fwp%2Fv2%2Fmedia&parent=1821"}],"curies":[{"name":"wp","href":"https:\/\/api.w.org\/{rel}","templated":true}]}}