{"id":216,"date":"2022-03-22T21:59:39","date_gmt":"2022-03-22T21:59:39","guid":{"rendered":"http:\/\/guzmanstorey.cl\/?page_id=216"},"modified":"2025-09-08T06:43:00","modified_gmt":"2025-09-08T06:43:00","slug":"trafico-ilicito-2020","status":"publish","type":"page","link":"https:\/\/guzmanstorey.cl\/?page_id=216","title":{"rendered":"Tr\u00e1fico Il\u00edcito &#8211; Codirecci\u00f3n, Guionista [2020]"},"content":{"rendered":"\t\t<div data-elementor-type=\"wp-page\" data-elementor-id=\"216\" class=\"elementor elementor-216\">\n\t\t\t\t\t\t<section class=\"elementor-section elementor-top-section elementor-element elementor-element-b70b223 elementor-section-boxed elementor-section-height-default elementor-section-height-default\" data-id=\"b70b223\" data-element_type=\"section\">\n\t\t\t\t\t\t<div class=\"elementor-container elementor-column-gap-default\">\n\t\t\t\t\t<div class=\"elementor-column elementor-col-100 elementor-top-column elementor-element elementor-element-0570c20\" data-id=\"0570c20\" data-element_type=\"column\">\n\t\t\t<div class=\"elementor-widget-wrap elementor-element-populated\">\n\t\t\t\t\t\t<div class=\"elementor-element elementor-element-195d277 elementor-widget elementor-widget-text-editor\" data-id=\"195d277\" data-element_type=\"widget\" data-widget_type=\"text-editor.default\">\n\t\t\t\t<div class=\"elementor-widget-container\">\n\t\t\t\t\t\t\t\t\t<p><span style=\"font-style: inherit; font-weight: inherit; background-color: var(--ast-global-color-5);\"><br>[Nombre] Tr\u00e1fico Il\u00edcito: El Lado Oscuro De La Cultura&nbsp;<br><\/span><span style=\"font-style: inherit; font-weight: inherit; background-color: var(--ast-global-color-5);\">[Rol] Codirector, Coguionista, Sonido Directo<\/span><\/p><p><span style=\"font-style: inherit; font-weight: inherit; background-color: var(--ast-global-color-5);\"><br><\/span><\/p>\n<p>Serie documental sobre el comercio ilegal y disputa de bienes culturales y naturales en Chile. Seis cap\u00edtulos investigan el saqueo de tumbas Chinchorro, la caza furtiva de vicu\u00f1a, la tala de arce, la extracci\u00f3n de f\u00f3siles, el mercado de meteoritos y la b\u00fasqueda de barcos hundidos, objetos que van a parar a manos de coleccionistas adinerados, laboratorios cinent\u00edficos y prestigiosos museos alrededor del mundo.<\/p>\n<p><br><\/p>\n<p>[Festivales] Finalista en Festival Santiago Wild 2021 (Vicu\u00f1as)&nbsp;&nbsp;<br>[Financia] Fondo Consejo Nacional de Televisi\u00f3n<br>[Emisi\u00f3n] La Red<br>[Codirecci\u00f3n] Diego Breit<\/p>\t\t\t\t\t\t\t\t<\/div>\n\t\t\t\t<\/div>\n\t\t\t\t<div class=\"elementor-element elementor-element-b9f6d81 elementor-widget elementor-widget-video\" data-id=\"b9f6d81\" data-element_type=\"widget\" data-settings=\"{&quot;youtube_url&quot;:&quot;https:\\\/\\\/www.youtube.com\\\/watch?v=L7H9bRavtUI&quot;,&quot;video_type&quot;:&quot;youtube&quot;,&quot;controls&quot;:&quot;yes&quot;}\" data-widget_type=\"video.default\">\n\t\t\t\t<div class=\"elementor-widget-container\">\n\t\t\t\t\t\t\t<div class=\"elementor-wrapper elementor-open-inline\">\n\t\t\t<div class=\"elementor-video\"><\/div>\t\t<\/div>\n\t\t\t\t\t\t<\/div>\n\t\t\t\t<\/div>\n\t\t\t\t<div class=\"elementor-element elementor-element-1b4cd34 elementor-widget elementor-widget-heading\" data-id=\"1b4cd34\" data-element_type=\"widget\" data-widget_type=\"heading.default\">\n\t\t\t\t<div class=\"elementor-widget-container\">\n\t\t\t\t\t<h2 class=\"elementor-heading-title elementor-size-default\">David Guzm\u00e1n Storey | Cine Documental y Medios | Chile, 2025 <span style=\"font-size: 12px\">\u00a9<\/span><\/h2>\t\t\t\t<\/div>\n\t\t\t\t<\/div>\n\t\t\t\t\t<\/div>\n\t\t<\/div>\n\t\t\t\t\t<\/div>\n\t\t<\/section>\n\t\t\t\t<\/div>\n\t\t","protected":false},"excerpt":{"rendered":"<p>[Nombre] Tr\u00e1fico Il\u00edcito: El Lado Oscuro De La Cultura&nbsp;[Rol] Codirector, Coguionista, Sonido Directo Serie documental sobre el comercio ilegal y disputa de bienes culturales y naturales en Chile. Seis cap\u00edtulos investigan el saqueo de tumbas Chinchorro, la caza furtiva de vicu\u00f1a, la tala de arce, la extracci\u00f3n de f\u00f3siles, el mercado de meteoritos y la [&hellip;]<\/p>\n","protected":false},"author":1,"featured_media":733,"parent":0,"menu_order":0,"comment_status":"closed","ping_status":"closed","template":"","meta":{"site-sidebar-layout":"no-sidebar","site-content-layout":"page-builder","ast-site-content-layout":"","site-content-style":"default","site-sidebar-style":"default","ast-global-header-display":"","ast-banner-title-visibility":"","ast-main-header-display":"","ast-hfb-above-header-display":"","ast-hfb-below-header-display":"","ast-hfb-mobile-header-display":"","site-post-title":"disabled","ast-breadcrumbs-content":"","ast-featured-img":"disabled","footer-sml-layout":"","theme-transparent-header-meta":"","adv-header-id-meta":"","stick-header-meta":"","header-above-stick-meta":"","header-main-stick-meta":"","header-below-stick-meta":"","astra-migrate-meta-layouts":"default","ast-page-background-enabled":"default","ast-page-background-meta":{"desktop":{"background-color":"var(--ast-global-color-4)","background-image":"","background-repeat":"repeat","background-position":"center center","background-size":"auto","background-attachment":"scroll","background-type":"","background-media":"","overlay-type":"","overlay-color":"","overlay-opacity":"","overlay-gradient":""},"tablet":{"background-color":"","background-image":"","background-repeat":"repeat","background-position":"center center","background-size":"auto","background-attachment":"scroll","background-type":"","background-media":"","overlay-type":"","overlay-color":"","overlay-opacity":"","overlay-gradient":""},"mobile":{"background-color":"","background-image":"","background-repeat":"repeat","background-position":"center center","background-size":"auto","background-attachment":"scroll","background-type":"","background-media":"","overlay-type":"","overlay-color":"","overlay-opacity":"","overlay-gradient":""}},"ast-content-background-meta":{"desktop":{"background-color":"var(--ast-global-color-5)","background-image":"","background-repeat":"repeat","background-position":"center center","background-size":"auto","background-attachment":"scroll","background-type":"","background-media":"","overlay-type":"","overlay-color":"","overlay-opacity":"","overlay-gradient":""},"tablet":{"background-color":"var(--ast-global-color-5)","background-image":"","background-repeat":"repeat","background-position":"center center","background-size":"auto","background-attachment":"scroll","background-type":"","background-media":"","overlay-type":"","overlay-color":"","overlay-opacity":"","overlay-gradient":""},"mobile":{"background-color":"var(--ast-global-color-5)","background-image":"","background-repeat":"repeat","background-position":"center center","background-size":"auto","background-attachment":"scroll","background-type":"","background-media":"","overlay-type":"","overlay-color":"","overlay-opacity":"","overlay-gradient":""}},"footnotes":""},"class_list":["post-216","page","type-page","status-publish","has-post-thumbnail","hentry"],"_links":{"self":[{"href":"https:\/\/guzmanstorey.cl\/index.php?rest_route=\/wp\/v2\/pages\/216","targetHints":{"allow":["GET"]}}],"collection":[{"href":"https:\/\/guzmanstorey.cl\/index.php?rest_route=\/wp\/v2\/pages"}],"about":[{"href":"https:\/\/guzmanstorey.cl\/index.php?rest_route=\/wp\/v2\/types\/page"}],"author":[{"embeddable":true,"href":"https:\/\/guzmanstorey.cl\/index.php?rest_route=\/wp\/v2\/users\/1"}],"replies":[{"embeddable":true,"href":"https:\/\/guzmanstorey.cl\/index.php?rest_route=%2Fwp%2Fv2%2Fcomments&post=216"}],"version-history":[{"count":111,"href":"https:\/\/guzmanstorey.cl\/index.php?rest_route=\/wp\/v2\/pages\/216\/revisions"}],"predecessor-version":[{"id":1911,"href":"https:\/\/guzmanstorey.cl\/index.php?rest_route=\/wp\/v2\/pages\/216\/revisions\/1911"}],"wp:featuredmedia":[{"embeddable":true,"href":"https:\/\/guzmanstorey.cl\/index.php?rest_route=\/wp\/v2\/media\/733"}],"wp:attachment":[{"href":"https:\/\/guzmanstorey.cl\/index.php?rest_route=%2Fwp%2Fv2%2Fmedia&parent=216"}],"curies":[{"name":"wp","href":"https:\/\/api.w.org\/{rel}","templated":true}]}}