{"id":221,"date":"2022-03-22T22:02:06","date_gmt":"2022-03-22T22:02:06","guid":{"rendered":"http:\/\/guzmanstorey.cl\/?page_id=221"},"modified":"2025-09-08T06:42:34","modified_gmt":"2025-09-08T06:42:34","slug":"civilization-en-desarrollo","status":"publish","type":"page","link":"https:\/\/guzmanstorey.cl\/?page_id=221","title":{"rendered":"Building Visions &#8211; Asistente de Direcci\u00f3n [2022]"},"content":{"rendered":"\t\t<div data-elementor-type=\"wp-page\" data-elementor-id=\"221\" class=\"elementor elementor-221\">\n\t\t\t\t\t\t<section class=\"elementor-section elementor-top-section elementor-element elementor-element-d308d38 elementor-section-boxed elementor-section-height-default elementor-section-height-default\" data-id=\"d308d38\" data-element_type=\"section\">\n\t\t\t\t\t\t<div class=\"elementor-container elementor-column-gap-default\">\n\t\t\t\t\t<div class=\"elementor-column elementor-col-100 elementor-top-column elementor-element elementor-element-8062024\" data-id=\"8062024\" data-element_type=\"column\">\n\t\t\t<div class=\"elementor-widget-wrap elementor-element-populated\">\n\t\t\t\t\t\t<div class=\"elementor-element elementor-element-60f7470 elementor-widget elementor-widget-text-editor\" data-id=\"60f7470\" data-element_type=\"widget\" data-widget_type=\"text-editor.default\">\n\t\t\t\t<div class=\"elementor-widget-container\">\n\t\t\t\t\t\t\t\t\t<p><span style=\"background-color: var(--ast-global-color-5); color: #5d5d5d; font-family: 'Courier Prime', sans-serif; font-size: 14px; font-style: inherit; font-weight: inherit; letter-spacing: -1px;\"><br \/>[Nombre] Building Visions<br \/><\/span><span style=\"font-style: inherit; font-weight: inherit; color: #5d5d5d; background-color: var(--ast-global-color-5); font-family: 'Courier Prime', sans-serif; font-size: 14px; letter-spacing: -1px;\">[Rol] Investigaci\u00f3n,\u00a0<\/span><span style=\"color: #5d5d5d;\">Asistente de Direcci\u00f3n\u00a0<\/span><span style=\"font-style: inherit; font-weight: inherit; color: #5d5d5d; background-color: var(--ast-global-color-5); font-family: 'Courier Prime', sans-serif; font-size: 14px; letter-spacing: -1px;\"><br \/><\/span><span style=\"color: #5d5d5d; background-color: var(--ast-global-color-5); font-family: 'Courier Prime', sans-serif; font-size: 14px; letter-spacing: -1px; font-weight: var( --e-global-typography-text-font-weight );\"><br \/><\/span><span style=\"background-color: var(--ast-global-color-5);\"><span style=\"color: #5d5d5d;\">Serie documental sobre proyectos de arquitectura que, a nivel mundial, han presentado soluciones concretas para problemas globales. El aumento del nivel del mar, la educaci\u00f3n de comunidades ind\u00edgenas desplazadas, y la creaci\u00f3n de nuevas metr\u00f3polis, son algunas de las tem\u00e1ticas que profesionales de de distintas nacionalidades han optado por atender desde la vocaci\u00f3n proyectual.\u00a0<\/span><br \/><\/span><span style=\"background-color: var(--ast-global-color-5);\"><br \/><span style=\"color: #5d5d5d;\"><span style=\"font-style: inherit; font-weight: inherit;\">[Co-Producci\u00f3n] <\/span>ARTE\/SWR, Nikolaus Geyrhalter Filmproduktion, Panama Films<br \/>[Reconocimiento]\u00a0<\/span><\/span><span style=\"color: #5d5d5d;\">Nominaci\u00f3n F<\/span><span style=\"background-color: var(--ast-global-color-5);\"><span style=\"color: #5d5d5d;\">ranz-Grabner-Award 2023<\/span><br \/><\/span><span style=\"background-color: var(--ast-global-color-5); color: #5d5d5d; font-style: inherit; font-weight: inherit;\">[Emisi\u00f3n] ARTE\/SWR<br \/>[Direcci\u00f3n] Diego Breit<\/span><\/p>\t\t\t\t\t\t\t\t<\/div>\n\t\t\t\t<\/div>\n\t\t\t\t<div class=\"elementor-element elementor-element-25127c3 elementor-widget elementor-widget-video\" data-id=\"25127c3\" data-element_type=\"widget\" data-settings=\"{&quot;youtube_url&quot;:&quot;https:\\\/\\\/www.youtube.com\\\/watch?v=-mDlJ7MU9R8&quot;,&quot;video_type&quot;:&quot;youtube&quot;,&quot;controls&quot;:&quot;yes&quot;}\" data-widget_type=\"video.default\">\n\t\t\t\t<div class=\"elementor-widget-container\">\n\t\t\t\t\t\t\t<div class=\"elementor-wrapper elementor-open-inline\">\n\t\t\t<div class=\"elementor-video\"><\/div>\t\t<\/div>\n\t\t\t\t\t\t<\/div>\n\t\t\t\t<\/div>\n\t\t\t\t<div class=\"elementor-element elementor-element-1b003aa elementor-widget elementor-widget-heading\" data-id=\"1b003aa\" data-element_type=\"widget\" data-widget_type=\"heading.default\">\n\t\t\t\t<div class=\"elementor-widget-container\">\n\t\t\t\t\t<h2 class=\"elementor-heading-title elementor-size-default\">David Guzm\u00e1n Storey | Cine Documental y Medios | Chile, 2025 <span style=\"font-size: 12px\">\u00a9<\/span><\/h2>\t\t\t\t<\/div>\n\t\t\t\t<\/div>\n\t\t\t\t\t<\/div>\n\t\t<\/div>\n\t\t\t\t\t<\/div>\n\t\t<\/section>\n\t\t\t\t<\/div>\n\t\t","protected":false},"excerpt":{"rendered":"<p>[Nombre] Building Visions[Rol] Investigaci\u00f3n,\u00a0Asistente de Direcci\u00f3n\u00a0 Serie documental sobre proyectos de arquitectura que, a nivel mundial, han presentado soluciones concretas para problemas globales. El aumento del nivel del mar, la educaci\u00f3n de comunidades ind\u00edgenas desplazadas, y la creaci\u00f3n de nuevas metr\u00f3polis, son algunas de las tem\u00e1ticas que profesionales de de distintas nacionalidades han optado por [&hellip;]<\/p>\n","protected":false},"author":1,"featured_media":1345,"parent":0,"menu_order":0,"comment_status":"closed","ping_status":"closed","template":"","meta":{"site-sidebar-layout":"no-sidebar","site-content-layout":"page-builder","ast-site-content-layout":"","site-content-style":"default","site-sidebar-style":"default","ast-global-header-display":"","ast-banner-title-visibility":"","ast-main-header-display":"","ast-hfb-above-header-display":"","ast-hfb-below-header-display":"","ast-hfb-mobile-header-display":"","site-post-title":"disabled","ast-breadcrumbs-content":"","ast-featured-img":"disabled","footer-sml-layout":"","theme-transparent-header-meta":"","adv-header-id-meta":"","stick-header-meta":"","header-above-stick-meta":"","header-main-stick-meta":"","header-below-stick-meta":"","astra-migrate-meta-layouts":"default","ast-page-background-enabled":"default","ast-page-background-meta":{"desktop":{"background-color":"var(--ast-global-color-4)","background-image":"","background-repeat":"repeat","background-position":"center center","background-size":"auto","background-attachment":"scroll","background-type":"","background-media":"","overlay-type":"","overlay-color":"","overlay-opacity":"","overlay-gradient":""},"tablet":{"background-color":"","background-image":"","background-repeat":"repeat","background-position":"center center","background-size":"auto","background-attachment":"scroll","background-type":"","background-media":"","overlay-type":"","overlay-color":"","overlay-opacity":"","overlay-gradient":""},"mobile":{"background-color":"","background-image":"","background-repeat":"repeat","background-position":"center center","background-size":"auto","background-attachment":"scroll","background-type":"","background-media":"","overlay-type":"","overlay-color":"","overlay-opacity":"","overlay-gradient":""}},"ast-content-background-meta":{"desktop":{"background-color":"var(--ast-global-color-5)","background-image":"","background-repeat":"repeat","background-position":"center center","background-size":"auto","background-attachment":"scroll","background-type":"","background-media":"","overlay-type":"","overlay-color":"","overlay-opacity":"","overlay-gradient":""},"tablet":{"background-color":"var(--ast-global-color-5)","background-image":"","background-repeat":"repeat","background-position":"center center","background-size":"auto","background-attachment":"scroll","background-type":"","background-media":"","overlay-type":"","overlay-color":"","overlay-opacity":"","overlay-gradient":""},"mobile":{"background-color":"var(--ast-global-color-5)","background-image":"","background-repeat":"repeat","background-position":"center center","background-size":"auto","background-attachment":"scroll","background-type":"","background-media":"","overlay-type":"","overlay-color":"","overlay-opacity":"","overlay-gradient":""}},"footnotes":""},"class_list":["post-221","page","type-page","status-publish","has-post-thumbnail","hentry"],"_links":{"self":[{"href":"https:\/\/guzmanstorey.cl\/index.php?rest_route=\/wp\/v2\/pages\/221","targetHints":{"allow":["GET"]}}],"collection":[{"href":"https:\/\/guzmanstorey.cl\/index.php?rest_route=\/wp\/v2\/pages"}],"about":[{"href":"https:\/\/guzmanstorey.cl\/index.php?rest_route=\/wp\/v2\/types\/page"}],"author":[{"embeddable":true,"href":"https:\/\/guzmanstorey.cl\/index.php?rest_route=\/wp\/v2\/users\/1"}],"replies":[{"embeddable":true,"href":"https:\/\/guzmanstorey.cl\/index.php?rest_route=%2Fwp%2Fv2%2Fcomments&post=221"}],"version-history":[{"count":52,"href":"https:\/\/guzmanstorey.cl\/index.php?rest_route=\/wp\/v2\/pages\/221\/revisions"}],"predecessor-version":[{"id":1908,"href":"https:\/\/guzmanstorey.cl\/index.php?rest_route=\/wp\/v2\/pages\/221\/revisions\/1908"}],"wp:featuredmedia":[{"embeddable":true,"href":"https:\/\/guzmanstorey.cl\/index.php?rest_route=\/wp\/v2\/media\/1345"}],"wp:attachment":[{"href":"https:\/\/guzmanstorey.cl\/index.php?rest_route=%2Fwp%2Fv2%2Fmedia&parent=221"}],"curies":[{"name":"wp","href":"https:\/\/api.w.org\/{rel}","templated":true}]}}