{"id":874,"date":"2022-09-22T19:24:37","date_gmt":"2022-09-22T19:24:37","guid":{"rendered":"https:\/\/guzmanstorey.cl\/?page_id=874"},"modified":"2025-09-08T06:31:20","modified_gmt":"2025-09-08T06:31:20","slug":"daniel-johnston-cronica","status":"publish","type":"page","link":"https:\/\/guzmanstorey.cl\/?page_id=874","title":{"rendered":"Daniel Johnston [Cr\u00f3nica]"},"content":{"rendered":"\t\t<div data-elementor-type=\"wp-page\" data-elementor-id=\"874\" class=\"elementor elementor-874\">\n\t\t\t\t\t\t<section class=\"elementor-section elementor-top-section elementor-element elementor-element-9b8deeb elementor-section-boxed elementor-section-height-default elementor-section-height-default\" data-id=\"9b8deeb\" data-element_type=\"section\">\n\t\t\t\t\t\t<div class=\"elementor-container elementor-column-gap-default\">\n\t\t\t\t\t<div class=\"elementor-column elementor-col-100 elementor-top-column elementor-element elementor-element-b932da1\" data-id=\"b932da1\" data-element_type=\"column\">\n\t\t\t<div class=\"elementor-widget-wrap\">\n\t\t\t\t\t\t\t<\/div>\n\t\t<\/div>\n\t\t\t\t\t<\/div>\n\t\t<\/section>\n\t\t\t\t<section class=\"elementor-section elementor-top-section elementor-element elementor-element-892b098 elementor-section-boxed elementor-section-height-default elementor-section-height-default\" data-id=\"892b098\" data-element_type=\"section\">\n\t\t\t\t\t\t<div class=\"elementor-container elementor-column-gap-default\">\n\t\t\t\t\t<div class=\"elementor-column elementor-col-100 elementor-top-column elementor-element elementor-element-6e6dc96\" data-id=\"6e6dc96\" data-element_type=\"column\">\n\t\t\t<div class=\"elementor-widget-wrap elementor-element-populated\">\n\t\t\t\t\t\t<div class=\"elementor-element elementor-element-858684c elementor-widget elementor-widget-text-editor\" data-id=\"858684c\" data-element_type=\"widget\" data-widget_type=\"text-editor.default\">\n\t\t\t\t<div class=\"elementor-widget-container\">\n\t\t\t\t\t\t\t\t\t<p><span style=\"color: #5d5d5d; font-style: inherit; font-weight: inherit; background-color: var(--ast-global-color-5);\"><br \/>[Proyecto] Cr\u00f3nica \u00abEl d\u00eda que conoc\u00ed a Daniel Johnston\u00bb\u00a0<br \/><\/span><span style=\"color: #5d5d5d; font-style: inherit; font-weight: inherit; background-color: var(--ast-global-color-5);\">[Rol] Autor Texto y Fotograf\u00edas<\/span><\/p><p><span style=\"color: #5d5d5d; font-style: inherit; font-weight: inherit; background-color: var(--ast-global-color-5);\">Cr\u00f3nica musical escrita como redactor colaborador para la secci\u00f3n digital Culto del diario nacional La Tercera, enmarcada en el primer aniversario de muerte del artista y cantautor norteamericano Daniel Johnston. <br \/><br \/>[Publicaci\u00f3n] <a href=\"https:\/\/www.latercera.com\/culto\/2020\/09\/11\/el-dia-que-conoci-a-daniel-johnston\/\">El d\u00eda que conoc\u00ed a Daniel Johnston<\/a>\u00a0<br \/><\/span><\/p>\t\t\t\t\t\t\t\t<\/div>\n\t\t\t\t<\/div>\n\t\t\t\t<div class=\"elementor-element elementor-element-f4a9f9e elementor-widget elementor-widget-image\" data-id=\"f4a9f9e\" data-element_type=\"widget\" data-widget_type=\"image.default\">\n\t\t\t\t<div class=\"elementor-widget-container\">\n\t\t\t\t\t\t\t\t\t\t\t\t\t\t\t\t<a href=\"https:\/\/www.latercera.com\/culto\/2020\/09\/11\/el-dia-que-conoci-a-daniel-johnston\/\">\n\t\t\t\t\t\t\t<img fetchpriority=\"high\" decoding=\"async\" width=\"2880\" height=\"1692\" src=\"https:\/\/guzmanstorey.cl\/wp-content\/uploads\/2022\/09\/DJ.png\" class=\"attachment-full size-full wp-image-951\" alt=\"\" srcset=\"https:\/\/guzmanstorey.cl\/wp-content\/uploads\/2022\/09\/DJ.png 2880w, https:\/\/guzmanstorey.cl\/wp-content\/uploads\/2022\/09\/DJ-300x176.png 300w, https:\/\/guzmanstorey.cl\/wp-content\/uploads\/2022\/09\/DJ-1024x602.png 1024w, https:\/\/guzmanstorey.cl\/wp-content\/uploads\/2022\/09\/DJ-768x451.png 768w, https:\/\/guzmanstorey.cl\/wp-content\/uploads\/2022\/09\/DJ-1536x902.png 1536w, https:\/\/guzmanstorey.cl\/wp-content\/uploads\/2022\/09\/DJ-2048x1203.png 2048w\" sizes=\"(max-width: 2880px) 100vw, 2880px\" \/>\t\t\t\t\t\t\t\t<\/a>\n\t\t\t\t\t\t\t\t\t\t\t\t\t\t\t<\/div>\n\t\t\t\t<\/div>\n\t\t\t\t\t<\/div>\n\t\t<\/div>\n\t\t\t\t\t<\/div>\n\t\t<\/section>\n\t\t\t\t<section class=\"elementor-section elementor-top-section elementor-element elementor-element-4958d5d elementor-section-boxed elementor-section-height-default elementor-section-height-default\" data-id=\"4958d5d\" data-element_type=\"section\">\n\t\t\t\t\t\t<div class=\"elementor-container elementor-column-gap-default\">\n\t\t\t\t\t<div class=\"elementor-column elementor-col-100 elementor-top-column elementor-element elementor-element-8955e00\" data-id=\"8955e00\" data-element_type=\"column\">\n\t\t\t<div class=\"elementor-widget-wrap\">\n\t\t\t\t\t\t\t<\/div>\n\t\t<\/div>\n\t\t\t\t\t<\/div>\n\t\t<\/section>\n\t\t\t\t<section class=\"elementor-section elementor-top-section elementor-element elementor-element-2dfd6b1 elementor-section-boxed elementor-section-height-default elementor-section-height-default\" data-id=\"2dfd6b1\" data-element_type=\"section\">\n\t\t\t\t\t\t<div class=\"elementor-container elementor-column-gap-default\">\n\t\t\t\t\t<div class=\"elementor-column elementor-col-100 elementor-top-column elementor-element elementor-element-197a298\" data-id=\"197a298\" data-element_type=\"column\">\n\t\t\t<div class=\"elementor-widget-wrap elementor-element-populated\">\n\t\t\t\t\t\t<div class=\"elementor-element elementor-element-1ff1f28 elementor-widget elementor-widget-heading\" data-id=\"1ff1f28\" data-element_type=\"widget\" data-widget_type=\"heading.default\">\n\t\t\t\t<div class=\"elementor-widget-container\">\n\t\t\t\t\t<h2 class=\"elementor-heading-title elementor-size-default\">David Guzm\u00e1n Storey | Cine Documental y Medios | Chile, 2025 <span style=\"font-size: 12px\">\u00a9<\/span><\/h2>\t\t\t\t<\/div>\n\t\t\t\t<\/div>\n\t\t\t\t\t<\/div>\n\t\t<\/div>\n\t\t\t\t\t<\/div>\n\t\t<\/section>\n\t\t\t\t<\/div>\n\t\t","protected":false},"excerpt":{"rendered":"<p>[Proyecto] Cr\u00f3nica \u00abEl d\u00eda que conoc\u00ed a Daniel Johnston\u00bb\u00a0[Rol] Autor Texto y Fotograf\u00edas Cr\u00f3nica musical escrita como redactor colaborador para la secci\u00f3n digital Culto del diario nacional La Tercera, enmarcada en el primer aniversario de muerte del artista y cantautor norteamericano Daniel Johnston. [Publicaci\u00f3n] El d\u00eda que conoc\u00ed a Daniel Johnston\u00a0 David Guzm\u00e1n Storey | [&hellip;]<\/p>\n","protected":false},"author":1,"featured_media":1106,"parent":0,"menu_order":0,"comment_status":"closed","ping_status":"closed","template":"","meta":{"site-sidebar-layout":"no-sidebar","site-content-layout":"page-builder","ast-site-content-layout":"","site-content-style":"default","site-sidebar-style":"default","ast-global-header-display":"","ast-banner-title-visibility":"","ast-main-header-display":"","ast-hfb-above-header-display":"","ast-hfb-below-header-display":"","ast-hfb-mobile-header-display":"","site-post-title":"disabled","ast-breadcrumbs-content":"","ast-featured-img":"disabled","footer-sml-layout":"","theme-transparent-header-meta":"","adv-header-id-meta":"","stick-header-meta":"","header-above-stick-meta":"","header-main-stick-meta":"","header-below-stick-meta":"","astra-migrate-meta-layouts":"default","ast-page-background-enabled":"default","ast-page-background-meta":{"desktop":{"background-color":"var(--ast-global-color-4)","background-image":"","background-repeat":"repeat","background-position":"center center","background-size":"auto","background-attachment":"scroll","background-type":"","background-media":"","overlay-type":"","overlay-color":"","overlay-opacity":"","overlay-gradient":""},"tablet":{"background-color":"","background-image":"","background-repeat":"repeat","background-position":"center center","background-size":"auto","background-attachment":"scroll","background-type":"","background-media":"","overlay-type":"","overlay-color":"","overlay-opacity":"","overlay-gradient":""},"mobile":{"background-color":"","background-image":"","background-repeat":"repeat","background-position":"center center","background-size":"auto","background-attachment":"scroll","background-type":"","background-media":"","overlay-type":"","overlay-color":"","overlay-opacity":"","overlay-gradient":""}},"ast-content-background-meta":{"desktop":{"background-color":"var(--ast-global-color-5)","background-image":"","background-repeat":"repeat","background-position":"center center","background-size":"auto","background-attachment":"scroll","background-type":"","background-media":"","overlay-type":"","overlay-color":"","overlay-opacity":"","overlay-gradient":""},"tablet":{"background-color":"var(--ast-global-color-5)","background-image":"","background-repeat":"repeat","background-position":"center center","background-size":"auto","background-attachment":"scroll","background-type":"","background-media":"","overlay-type":"","overlay-color":"","overlay-opacity":"","overlay-gradient":""},"mobile":{"background-color":"var(--ast-global-color-5)","background-image":"","background-repeat":"repeat","background-position":"center center","background-size":"auto","background-attachment":"scroll","background-type":"","background-media":"","overlay-type":"","overlay-color":"","overlay-opacity":"","overlay-gradient":""}},"footnotes":""},"class_list":["post-874","page","type-page","status-publish","has-post-thumbnail","hentry"],"_links":{"self":[{"href":"https:\/\/guzmanstorey.cl\/index.php?rest_route=\/wp\/v2\/pages\/874","targetHints":{"allow":["GET"]}}],"collection":[{"href":"https:\/\/guzmanstorey.cl\/index.php?rest_route=\/wp\/v2\/pages"}],"about":[{"href":"https:\/\/guzmanstorey.cl\/index.php?rest_route=\/wp\/v2\/types\/page"}],"author":[{"embeddable":true,"href":"https:\/\/guzmanstorey.cl\/index.php?rest_route=\/wp\/v2\/users\/1"}],"replies":[{"embeddable":true,"href":"https:\/\/guzmanstorey.cl\/index.php?rest_route=%2Fwp%2Fv2%2Fcomments&post=874"}],"version-history":[{"count":60,"href":"https:\/\/guzmanstorey.cl\/index.php?rest_route=\/wp\/v2\/pages\/874\/revisions"}],"predecessor-version":[{"id":1861,"href":"https:\/\/guzmanstorey.cl\/index.php?rest_route=\/wp\/v2\/pages\/874\/revisions\/1861"}],"wp:featuredmedia":[{"embeddable":true,"href":"https:\/\/guzmanstorey.cl\/index.php?rest_route=\/wp\/v2\/media\/1106"}],"wp:attachment":[{"href":"https:\/\/guzmanstorey.cl\/index.php?rest_route=%2Fwp%2Fv2%2Fmedia&parent=874"}],"curies":[{"name":"wp","href":"https:\/\/api.w.org\/{rel}","templated":true}]}}