{"id":968,"date":"2022-09-22T21:41:36","date_gmt":"2022-09-22T21:41:36","guid":{"rendered":"https:\/\/guzmanstorey.cl\/?page_id=968"},"modified":"2025-09-08T05:37:27","modified_gmt":"2025-09-08T05:37:27","slug":"la-memoria-salva-vidas-audioguia","status":"publish","type":"page","link":"https:\/\/guzmanstorey.cl\/?page_id=968","title":{"rendered":"La Memoria Salva Vidas [Audiogu\u00eda]"},"content":{"rendered":"\t\t<div data-elementor-type=\"wp-page\" data-elementor-id=\"968\" class=\"elementor elementor-968\">\n\t\t\t\t\t\t<section class=\"elementor-section elementor-top-section elementor-element elementor-element-f8046f5 elementor-section-boxed elementor-section-height-default elementor-section-height-default\" data-id=\"f8046f5\" data-element_type=\"section\">\n\t\t\t\t\t\t<div class=\"elementor-container elementor-column-gap-default\">\n\t\t\t\t\t<div class=\"elementor-column elementor-col-100 elementor-top-column elementor-element elementor-element-fab9146\" data-id=\"fab9146\" data-element_type=\"column\">\n\t\t\t<div class=\"elementor-widget-wrap elementor-element-populated\">\n\t\t\t\t\t\t<div class=\"elementor-element elementor-element-bdc5e5f elementor-widget elementor-widget-text-editor\" data-id=\"bdc5e5f\" data-element_type=\"widget\" data-widget_type=\"text-editor.default\">\n\t\t\t\t<div class=\"elementor-widget-container\">\n\t\t\t\t\t\t\t\t\t<p><span style=\"background-color: var(--ast-global-color-5); color: #5d5d5d; font-family: 'Courier Prime', sans-serif; font-size: 14px; font-style: inherit; font-weight: inherit; letter-spacing: -1px;\"><br>[Nombre] Audiogu\u00eda \u00abValdivia 1960: La memoria salva vidas\u00bb<br><\/span><span style=\"font-style: inherit; font-weight: inherit; color: #5d5d5d; background-color: var(--ast-global-color-5); font-family: 'Courier Prime', sans-serif; font-size: 14px; letter-spacing: -1px;\">[Rol] Guionista, Edici\u00f3n, Dise\u00f1o Sonoro<br>[Cliente] Fundaci\u00f3n Proyecta Memoria; Seremi de las Culturas, las Artes y el Patrimonio de Los R\u00edos<br><\/span><span style=\"color: #5d5d5d; font-style: inherit; font-weight: inherit; background-color: var(--ast-global-color-5);\"><br><\/span><span style=\"font-style: inherit; font-weight: inherit; background-color: var(--ast-global-color-5);\"><span style=\"color: #5d5d5d;\">Audiogu\u00eda urbana mediante la cual el usuario recorre la ciudad, a trav\u00e9s de seis hitos del terremoto de Valdivia de 1960. Relatada por el ge\u00f3grafo Marcelo Lagos, se explican datos cient\u00edficos, testimonios de sobrevivientes y diversos sucesos del mega evento, y su relaci\u00f3n con el tnsunami y la epopeya del Ri\u00f1ihuazo. El proyecto se difunde a trav\u00e9s de la cuenta Spotify de la Fundaci\u00f3n, para libre escucha y usabilidad.&nbsp;<\/span><\/span><\/p><p><span style=\"font-style: inherit; font-weight: inherit; background-color: var(--ast-global-color-5);\"><span style=\"color: #5d5d5d;\"><br><\/span><\/span><\/p>\n<p><span style=\"color: #5d5d5d; background-color: var(--ast-global-color-5); font-style: inherit; font-weight: inherit;\">[Audiogu\u00eda] <\/span><a style=\"font-style: inherit; font-weight: inherit;\" href=\"https:\/\/open.spotify.com\/show\/5XBXvWi336oAZj3LWNmg3S\">Valdivia 1960: La Memoria Salva Vidas<\/a><span style=\"font-style: inherit; font-weight: inherit; background-color: var(--ast-global-color-5);\"><span style=\"color: #5d5d5d;\"><br><\/span><\/span><\/p>\t\t\t\t\t\t\t\t<\/div>\n\t\t\t\t<\/div>\n\t\t\t\t\t<\/div>\n\t\t<\/div>\n\t\t\t\t\t<\/div>\n\t\t<\/section>\n\t\t\t\t<section class=\"elementor-section elementor-top-section elementor-element elementor-element-08523a5 elementor-section-boxed elementor-section-height-default elementor-section-height-default\" data-id=\"08523a5\" data-element_type=\"section\">\n\t\t\t\t\t\t<div class=\"elementor-container elementor-column-gap-default\">\n\t\t\t\t\t<div class=\"elementor-column elementor-col-100 elementor-top-column elementor-element elementor-element-cc3fd13\" data-id=\"cc3fd13\" data-element_type=\"column\">\n\t\t\t<div class=\"elementor-widget-wrap elementor-element-populated\">\n\t\t\t\t\t\t<div class=\"elementor-element elementor-element-4dc5a11 elementor-widget elementor-widget-image\" data-id=\"4dc5a11\" data-element_type=\"widget\" data-widget_type=\"image.default\">\n\t\t\t\t<div class=\"elementor-widget-container\">\n\t\t\t\t\t\t\t\t\t\t\t\t\t\t\t\t<a href=\"https:\/\/open.spotify.com\/show\/5XBXvWi336oAZj3LWNmg3S\">\n\t\t\t\t\t\t\t<img fetchpriority=\"high\" decoding=\"async\" width=\"2878\" height=\"1640\" src=\"https:\/\/guzmanstorey.cl\/wp-content\/uploads\/2022\/09\/ruta.png\" class=\"attachment-full size-full wp-image-1015\" alt=\"\" srcset=\"https:\/\/guzmanstorey.cl\/wp-content\/uploads\/2022\/09\/ruta.png 2878w, https:\/\/guzmanstorey.cl\/wp-content\/uploads\/2022\/09\/ruta-300x171.png 300w, https:\/\/guzmanstorey.cl\/wp-content\/uploads\/2022\/09\/ruta-1024x584.png 1024w, https:\/\/guzmanstorey.cl\/wp-content\/uploads\/2022\/09\/ruta-768x438.png 768w, https:\/\/guzmanstorey.cl\/wp-content\/uploads\/2022\/09\/ruta-1536x875.png 1536w, https:\/\/guzmanstorey.cl\/wp-content\/uploads\/2022\/09\/ruta-2048x1167.png 2048w\" sizes=\"(max-width: 2878px) 100vw, 2878px\" \/>\t\t\t\t\t\t\t\t<\/a>\n\t\t\t\t\t\t\t\t\t\t\t\t\t\t\t<\/div>\n\t\t\t\t<\/div>\n\t\t\t\t<div class=\"elementor-element elementor-element-fa1905a elementor-widget elementor-widget-heading\" data-id=\"fa1905a\" data-element_type=\"widget\" data-widget_type=\"heading.default\">\n\t\t\t\t<div class=\"elementor-widget-container\">\n\t\t\t\t\t<h2 class=\"elementor-heading-title elementor-size-default\">David Guzm\u00e1n Storey | Cine Documental y Medios | Chile, 2025 <span style=\"font-size: 12px\">\u00a9<\/span><\/h2>\t\t\t\t<\/div>\n\t\t\t\t<\/div>\n\t\t\t\t\t<\/div>\n\t\t<\/div>\n\t\t\t\t\t<\/div>\n\t\t<\/section>\n\t\t\t\t<\/div>\n\t\t","protected":false},"excerpt":{"rendered":"<p>[Nombre] Audiogu\u00eda \u00abValdivia 1960: La memoria salva vidas\u00bb[Rol] Guionista, Edici\u00f3n, Dise\u00f1o Sonoro[Cliente] Fundaci\u00f3n Proyecta Memoria; Seremi de las Culturas, las Artes y el Patrimonio de Los R\u00edos Audiogu\u00eda urbana mediante la cual el usuario recorre la ciudad, a trav\u00e9s de seis hitos del terremoto de Valdivia de 1960. Relatada por el ge\u00f3grafo Marcelo Lagos, se [&hellip;]<\/p>\n","protected":false},"author":1,"featured_media":1100,"parent":0,"menu_order":0,"comment_status":"closed","ping_status":"closed","template":"","meta":{"site-sidebar-layout":"no-sidebar","site-content-layout":"page-builder","ast-site-content-layout":"","site-content-style":"default","site-sidebar-style":"default","ast-global-header-display":"","ast-banner-title-visibility":"","ast-main-header-display":"","ast-hfb-above-header-display":"","ast-hfb-below-header-display":"","ast-hfb-mobile-header-display":"","site-post-title":"disabled","ast-breadcrumbs-content":"","ast-featured-img":"disabled","footer-sml-layout":"","theme-transparent-header-meta":"","adv-header-id-meta":"","stick-header-meta":"","header-above-stick-meta":"","header-main-stick-meta":"","header-below-stick-meta":"","astra-migrate-meta-layouts":"default","ast-page-background-enabled":"default","ast-page-background-meta":{"desktop":{"background-color":"var(--ast-global-color-4)","background-image":"","background-repeat":"repeat","background-position":"center center","background-size":"auto","background-attachment":"scroll","background-type":"","background-media":"","overlay-type":"","overlay-color":"","overlay-opacity":"","overlay-gradient":""},"tablet":{"background-color":"","background-image":"","background-repeat":"repeat","background-position":"center center","background-size":"auto","background-attachment":"scroll","background-type":"","background-media":"","overlay-type":"","overlay-color":"","overlay-opacity":"","overlay-gradient":""},"mobile":{"background-color":"","background-image":"","background-repeat":"repeat","background-position":"center center","background-size":"auto","background-attachment":"scroll","background-type":"","background-media":"","overlay-type":"","overlay-color":"","overlay-opacity":"","overlay-gradient":""}},"ast-content-background-meta":{"desktop":{"background-color":"var(--ast-global-color-5)","background-image":"","background-repeat":"repeat","background-position":"center center","background-size":"auto","background-attachment":"scroll","background-type":"","background-media":"","overlay-type":"","overlay-color":"","overlay-opacity":"","overlay-gradient":""},"tablet":{"background-color":"var(--ast-global-color-5)","background-image":"","background-repeat":"repeat","background-position":"center center","background-size":"auto","background-attachment":"scroll","background-type":"","background-media":"","overlay-type":"","overlay-color":"","overlay-opacity":"","overlay-gradient":""},"mobile":{"background-color":"var(--ast-global-color-5)","background-image":"","background-repeat":"repeat","background-position":"center center","background-size":"auto","background-attachment":"scroll","background-type":"","background-media":"","overlay-type":"","overlay-color":"","overlay-opacity":"","overlay-gradient":""}},"footnotes":""},"class_list":["post-968","page","type-page","status-publish","has-post-thumbnail","hentry"],"_links":{"self":[{"href":"https:\/\/guzmanstorey.cl\/index.php?rest_route=\/wp\/v2\/pages\/968","targetHints":{"allow":["GET"]}}],"collection":[{"href":"https:\/\/guzmanstorey.cl\/index.php?rest_route=\/wp\/v2\/pages"}],"about":[{"href":"https:\/\/guzmanstorey.cl\/index.php?rest_route=\/wp\/v2\/types\/page"}],"author":[{"embeddable":true,"href":"https:\/\/guzmanstorey.cl\/index.php?rest_route=\/wp\/v2\/users\/1"}],"replies":[{"embeddable":true,"href":"https:\/\/guzmanstorey.cl\/index.php?rest_route=%2Fwp%2Fv2%2Fcomments&post=968"}],"version-history":[{"count":21,"href":"https:\/\/guzmanstorey.cl\/index.php?rest_route=\/wp\/v2\/pages\/968\/revisions"}],"predecessor-version":[{"id":1820,"href":"https:\/\/guzmanstorey.cl\/index.php?rest_route=\/wp\/v2\/pages\/968\/revisions\/1820"}],"wp:featuredmedia":[{"embeddable":true,"href":"https:\/\/guzmanstorey.cl\/index.php?rest_route=\/wp\/v2\/media\/1100"}],"wp:attachment":[{"href":"https:\/\/guzmanstorey.cl\/index.php?rest_route=%2Fwp%2Fv2%2Fmedia&parent=968"}],"curies":[{"name":"wp","href":"https:\/\/api.w.org\/{rel}","templated":true}]}}